{"id":6961,"date":"2024-11-07T14:59:36","date_gmt":"2024-11-07T13:59:36","guid":{"rendered":"https:\/\/marketplacesummit.hu\/?page_id=6961"},"modified":"2024-11-26T18:12:09","modified_gmt":"2024-11-26T17:12:09","slug":"reszveteli-feltetelek","status":"publish","type":"page","link":"https:\/\/marketplacesummit.hu\/en\/reszveteli-feltetelek\/","title":{"rendered":"Participation Terms"},"content":{"rendered":"<div data-elementor-type=\"wp-page\" data-elementor-id=\"6961\" class=\"elementor elementor-6961\">\n\t\t\t\t\t\t<section class=\"elementor-section elementor-top-section elementor-element elementor-element-9a0bd93 elementor-section-boxed elementor-section-height-default elementor-section-height-default\" data-id=\"9a0bd93\" data-element_type=\"section\">\n\t\t\t\t\t\t<div class=\"elementor-container elementor-column-gap-default\">\n\t\t\t\t\t<div class=\"elementor-column elementor-col-100 elementor-top-column elementor-element elementor-element-070644f\" data-id=\"070644f\" data-element_type=\"column\">\n\t\t\t<div class=\"elementor-widget-wrap elementor-element-populated\">\n\t\t\t\t\t\t<div class=\"elementor-element elementor-element-ebc4aeb elementor-widget elementor-widget-text-editor\" data-id=\"ebc4aeb\" data-element_type=\"widget\" data-widget_type=\"text-editor.default\">\n\t\t\t\t<div class=\"elementor-widget-container\">\n\t\t\t\t\t\t\t<p>By submitting the order, the customer acknowledges that an agreement is formed between them and Ecommerce Hungary Association, the organizer of the conference, with the following terms:<\/p><ol><li>Ecommerce Hungary agrees to provide participation at the conference for the applicants listed in the order, based on the conditions specified in the order, provided the customer adheres to the Participation Terms outlined herein.<\/li><li>Ecommerce Hungary will issue an electronic invoice for the participant using the data provided in the order form, which will be automatically forwarded to the specified email address. The invoice will include the individual items for the services provided, in compliance with the applicable tax regulations.<\/li><li>The customer commits to settling the invoice by bank transfer or credit card payment by the due date. If the invoice is not paid on time, Ecommerce Hungary reserves the right to deny the customer participation, which does not release the customer from their payment obligation.<\/li><li>The customer acknowledges that participation can only be canceled free of charge if done at least 30 days before the first day of the conference. If the customer cancels their participation between the 10th and 30th day before the first day of the conference, they are required to pay 50% of the participation fee. If the customer cancels within 10 days of the first day of the conference or fails to attend without cancellation, they are required to pay the full participation fee.<\/li><li>Ecommerce Hungary's discounts for members are available only to those members who have paid their membership fee for the current year and have no outstanding debts to Ecommerce Hungary.<\/li><li>The customer acknowledges that the company paying for the participation may have its short name used by Ecommerce Hungary for promotional purposes, such as listing it in the public participant list of the conference, or communicating it on social media and other platforms.<\/li><li>The agreement is written in Hungarian and complies with the applicable laws in Hungary.<\/li><\/ol><p><strong>Registration Conditions:<\/strong><\/p><p>Please note that the invoice issued by Ecommerce Hungary for participation in the Marketplace Summit 2025 conference on February 5, 2025, includes the conference entry fee.<\/p><p><strong>The customer may incur tax obligations regarding the accepted and paid invoice, due to their role as the payer. <\/strong><\/p><p>Official business trips, including domestic and foreign assignments, such as attending professional conferences and further training, are considered as business-related (Income Tax Act 3. \u00a7, point 10).<\/p><p>Certain allowances related to official business trips, such as meals (and drinks) provided to the individual, are considered taxable income (Income Tax Act 70. \u00a7 (1) point a).<\/p>\t\t\t\t\t\t<\/div>\n\t\t\t\t<\/div>\n\t\t\t\t\t<\/div>\n\t\t<\/div>\n\t\t\t\t\t<\/div>\n\t\t<\/section>\n\t\t\t\t<\/div>","protected":false},"excerpt":{"rendered":"<p>A megrendel\u00e9s elk\u00fcld\u00e9s\u00e9vel a megrendel\u0151 tudom\u00e1sul veszi, hogy k\u00f6zte \u00e9s a konferenci\u00e1t szervez\u0151 Ecommerce Hungary Egyes\u00fclet, r\u00f6vid nev\u00e9n Ecommerce Hungary (sz\u00e9khelye \u00e9s postac\u00edme: 1066 Budapest Dessewffy u. 18-20.) k\u00f6z\u00f6tt meg\u00e1llapod\u00e1s j\u00f6n l\u00e9tre az al\u00e1bbiak szerint: Ecommerce Hungary v\u00e1llalja, hogy a megrendel\u00e9sben szerepl\u0151 felt\u00e9telek szerint a Megrendel\u0151 \u00e1ltal megadott jelentkez\u0151k sz\u00e1m\u00e1ra a konferenci\u00e1n a r\u00e9szv\u00e9telt biztos\u00edtja,&#8230;<\/p>","protected":false},"author":1,"featured_media":0,"parent":0,"menu_order":0,"comment_status":"closed","ping_status":"closed","template":"elementor_header_footer","meta":{"footnotes":""},"class_list":["post-6961","page","type-page","status-publish","hentry"],"yoast_head":"<!-- This site is optimized with the Yoast SEO plugin v23.7 - https:\/\/yoast.com\/wordpress\/plugins\/seo\/ -->\n<title>R\u00e9szv\u00e9teli felt\u00e9telek - Marketplace &amp; Cross- Border Summit Budapest<\/title>\n<meta name=\"robots\" content=\"index, follow, max-snippet:-1, max-image-preview:large, max-video-preview:-1\" \/>\n<link rel=\"canonical\" href=\"https:\/\/marketplacesummit.hu\/en\/reszveteli-feltetelek\/\" \/>\n<meta property=\"og:locale\" content=\"en_GB\" \/>\n<meta property=\"og:type\" content=\"article\" \/>\n<meta property=\"og:title\" content=\"R\u00e9szv\u00e9teli felt\u00e9telek - Marketplace &amp; Cross- Border Summit Budapest\" \/>\n<meta property=\"og:description\" content=\"A megrendel\u00e9s elk\u00fcld\u00e9s\u00e9vel a megrendel\u0151 tudom\u00e1sul veszi, hogy k\u00f6zte \u00e9s a konferenci\u00e1t szervez\u0151 Ecommerce Hungary Egyes\u00fclet, r\u00f6vid nev\u00e9n Ecommerce Hungary (sz\u00e9khelye \u00e9s postac\u00edme: 1066 Budapest Dessewffy u. 18-20.) k\u00f6z\u00f6tt meg\u00e1llapod\u00e1s j\u00f6n l\u00e9tre az al\u00e1bbiak szerint: Ecommerce Hungary v\u00e1llalja, hogy a megrendel\u00e9sben szerepl\u0151 felt\u00e9telek szerint a Megrendel\u0151 \u00e1ltal megadott jelentkez\u0151k sz\u00e1m\u00e1ra a konferenci\u00e1n a r\u00e9szv\u00e9telt biztos\u00edtja,...\" \/>\n<meta property=\"og:url\" content=\"https:\/\/marketplacesummit.hu\/en\/reszveteli-feltetelek\/\" \/>\n<meta property=\"og:site_name\" content=\"Marketplace &amp; Cross- Border Summit Budapest\" \/>\n<meta property=\"article:modified_time\" content=\"2024-11-26T17:12:09+00:00\" \/>\n<meta name=\"twitter:card\" content=\"summary_large_image\" \/>\n<meta name=\"twitter:label1\" content=\"Estimated reading time\" \/>\n\t<meta name=\"twitter:data1\" content=\"3 minutes\" \/>\n<script type=\"application\/ld+json\" class=\"yoast-schema-graph\">{\"@context\":\"https:\/\/schema.org\",\"@graph\":[{\"@type\":\"WebPage\",\"@id\":\"https:\/\/marketplacesummit.hu\/reszveteli-feltetelek\/\",\"url\":\"https:\/\/marketplacesummit.hu\/reszveteli-feltetelek\/\",\"name\":\"R\u00e9szv\u00e9teli felt\u00e9telek - Marketplace &amp; Cross- Border Summit Budapest\",\"isPartOf\":{\"@id\":\"https:\/\/marketplacesummit.hu\/#website\"},\"datePublished\":\"2024-11-07T13:59:36+00:00\",\"dateModified\":\"2024-11-26T17:12:09+00:00\",\"breadcrumb\":{\"@id\":\"https:\/\/marketplacesummit.hu\/reszveteli-feltetelek\/#breadcrumb\"},\"inLanguage\":\"en-GB\",\"potentialAction\":[{\"@type\":\"ReadAction\",\"target\":[\"https:\/\/marketplacesummit.hu\/reszveteli-feltetelek\/\"]}]},{\"@type\":\"BreadcrumbList\",\"@id\":\"https:\/\/marketplacesummit.hu\/reszveteli-feltetelek\/#breadcrumb\",\"itemListElement\":[{\"@type\":\"ListItem\",\"position\":1,\"name\":\"Kezd\u0151lap\",\"item\":\"https:\/\/marketplacesummit.hu\/\"},{\"@type\":\"ListItem\",\"position\":2,\"name\":\"R\u00e9szv\u00e9teli felt\u00e9telek\"}]},{\"@type\":\"WebSite\",\"@id\":\"https:\/\/marketplacesummit.hu\/#website\",\"url\":\"https:\/\/marketplacesummit.hu\/\",\"name\":\"Marketplace &amp; Cross- Border Summit Budapest\",\"description\":\"Magyarorsz\u00e1g legels\u0151 marketplace f\u00f3kusz\u00fa konferenci\u00e1ja\",\"potentialAction\":[{\"@type\":\"SearchAction\",\"target\":{\"@type\":\"EntryPoint\",\"urlTemplate\":\"https:\/\/marketplacesummit.hu\/?s={search_term_string}\"},\"query-input\":{\"@type\":\"PropertyValueSpecification\",\"valueRequired\":true,\"valueName\":\"search_term_string\"}}],\"inLanguage\":\"en-GB\"}]}<\/script>\n<!-- \/ Yoast SEO plugin. -->","yoast_head_json":{"title":"R\u00e9szv\u00e9teli felt\u00e9telek - Marketplace &amp; Cross- Border Summit Budapest","robots":{"index":"index","follow":"follow","max-snippet":"max-snippet:-1","max-image-preview":"max-image-preview:large","max-video-preview":"max-video-preview:-1"},"canonical":"https:\/\/marketplacesummit.hu\/en\/reszveteli-feltetelek\/","og_locale":"en_GB","og_type":"article","og_title":"R\u00e9szv\u00e9teli felt\u00e9telek - Marketplace &amp; Cross- Border Summit Budapest","og_description":"A megrendel\u00e9s elk\u00fcld\u00e9s\u00e9vel a megrendel\u0151 tudom\u00e1sul veszi, hogy k\u00f6zte \u00e9s a konferenci\u00e1t szervez\u0151 Ecommerce Hungary Egyes\u00fclet, r\u00f6vid nev\u00e9n Ecommerce Hungary (sz\u00e9khelye \u00e9s postac\u00edme: 1066 Budapest Dessewffy u. 18-20.) k\u00f6z\u00f6tt meg\u00e1llapod\u00e1s j\u00f6n l\u00e9tre az al\u00e1bbiak szerint: Ecommerce Hungary v\u00e1llalja, hogy a megrendel\u00e9sben szerepl\u0151 felt\u00e9telek szerint a Megrendel\u0151 \u00e1ltal megadott jelentkez\u0151k sz\u00e1m\u00e1ra a konferenci\u00e1n a r\u00e9szv\u00e9telt biztos\u00edtja,...","og_url":"https:\/\/marketplacesummit.hu\/en\/reszveteli-feltetelek\/","og_site_name":"Marketplace &amp; Cross- Border Summit Budapest","article_modified_time":"2024-11-26T17:12:09+00:00","twitter_card":"summary_large_image","twitter_misc":{"Estimated reading time":"3 minutes"},"schema":{"@context":"https:\/\/schema.org","@graph":[{"@type":"WebPage","@id":"https:\/\/marketplacesummit.hu\/reszveteli-feltetelek\/","url":"https:\/\/marketplacesummit.hu\/reszveteli-feltetelek\/","name":"R\u00e9szv\u00e9teli felt\u00e9telek - Marketplace &amp; Cross- Border Summit Budapest","isPartOf":{"@id":"https:\/\/marketplacesummit.hu\/#website"},"datePublished":"2024-11-07T13:59:36+00:00","dateModified":"2024-11-26T17:12:09+00:00","breadcrumb":{"@id":"https:\/\/marketplacesummit.hu\/reszveteli-feltetelek\/#breadcrumb"},"inLanguage":"en-GB","potentialAction":[{"@type":"ReadAction","target":["https:\/\/marketplacesummit.hu\/reszveteli-feltetelek\/"]}]},{"@type":"BreadcrumbList","@id":"https:\/\/marketplacesummit.hu\/reszveteli-feltetelek\/#breadcrumb","itemListElement":[{"@type":"ListItem","position":1,"name":"Kezd\u0151lap","item":"https:\/\/marketplacesummit.hu\/"},{"@type":"ListItem","position":2,"name":"R\u00e9szv\u00e9teli felt\u00e9telek"}]},{"@type":"WebSite","@id":"https:\/\/marketplacesummit.hu\/#website","url":"https:\/\/marketplacesummit.hu\/","name":"Marketplace &amp; Cross- Border Summit Budapest","description":"Magyarorsz\u00e1g legels\u0151 marketplace f\u00f3kusz\u00fa konferenci\u00e1ja","potentialAction":[{"@type":"SearchAction","target":{"@type":"EntryPoint","urlTemplate":"https:\/\/marketplacesummit.hu\/?s={search_term_string}"},"query-input":{"@type":"PropertyValueSpecification","valueRequired":true,"valueName":"search_term_string"}}],"inLanguage":"en-GB"}]}},"_links":{"self":[{"href":"https:\/\/marketplacesummit.hu\/en\/wp-json\/wp\/v2\/pages\/6961","targetHints":{"allow":["GET"]}}],"collection":[{"href":"https:\/\/marketplacesummit.hu\/en\/wp-json\/wp\/v2\/pages"}],"about":[{"href":"https:\/\/marketplacesummit.hu\/en\/wp-json\/wp\/v2\/types\/page"}],"author":[{"embeddable":true,"href":"https:\/\/marketplacesummit.hu\/en\/wp-json\/wp\/v2\/users\/1"}],"replies":[{"embeddable":true,"href":"https:\/\/marketplacesummit.hu\/en\/wp-json\/wp\/v2\/comments?post=6961"}],"version-history":[{"count":7,"href":"https:\/\/marketplacesummit.hu\/en\/wp-json\/wp\/v2\/pages\/6961\/revisions"}],"predecessor-version":[{"id":7531,"href":"https:\/\/marketplacesummit.hu\/en\/wp-json\/wp\/v2\/pages\/6961\/revisions\/7531"}],"wp:attachment":[{"href":"https:\/\/marketplacesummit.hu\/en\/wp-json\/wp\/v2\/media?parent=6961"}],"curies":[{"name":"wp","href":"https:\/\/api.w.org\/{rel}","templated":true}]}}