{"id":6977,"date":"2024-11-07T15:02:27","date_gmt":"2024-11-07T14:02:27","guid":{"rendered":"https:\/\/marketplacesummit.hu\/?page_id=6977"},"modified":"2024-11-21T09:06:22","modified_gmt":"2024-11-21T08:06:22","slug":"szponzoroknak","status":"publish","type":"page","link":"https:\/\/marketplacesummit.hu\/en\/szponzoroknak\/","title":{"rendered":"For Sponsors"},"content":{"rendered":"<div data-elementor-type=\"wp-page\" data-elementor-id=\"6977\" class=\"elementor elementor-6977\">\n\t\t\t\t\t\t<section class=\"elementor-section elementor-top-section elementor-element elementor-element-9881757 elementor-section-content-middle elementor-section-boxed elementor-section-height-default elementor-section-height-default\" data-id=\"9881757\" data-element_type=\"section\">\n\t\t\t\t\t\t<div class=\"elementor-container elementor-column-gap-default\">\n\t\t\t\t\t<div class=\"elementor-column elementor-col-50 elementor-top-column elementor-element elementor-element-5d94011\" data-id=\"5d94011\" data-element_type=\"column\">\n\t\t\t<div class=\"elementor-widget-wrap elementor-element-populated\">\n\t\t\t\t\t\t<div class=\"elementor-element elementor-element-75449c4 elementor-widget elementor-widget-text-editor\" data-id=\"75449c4\" data-element_type=\"widget\" data-widget_type=\"text-editor.default\">\n\t\t\t\t<div class=\"elementor-widget-container\">\n\t\t\t\t\t\t\t<h2>For sponsor and supporter inquiries, please fill out the following form:<\/h2>\t\t\t\t\t\t<\/div>\n\t\t\t\t<\/div>\n\t\t\t\t<div class=\"elementor-element elementor-element-2e6c3b5 elementor-widget elementor-widget-html\" data-id=\"2e6c3b5\" data-element_type=\"widget\" data-widget_type=\"html.default\">\n\t\t\t\t<div class=\"elementor-widget-container\">\n\t\t\t<script id='formScript746404000000531203' src='https:\/\/eu.bigin.online\/org20100602123\/forms\/newform?script=$sYG'><\/script>\t\t<\/div>\n\t\t\t\t<\/div>\n\t\t\t\t\t<\/div>\n\t\t<\/div>\n\t\t\t\t<div class=\"elementor-column elementor-col-50 elementor-top-column elementor-element elementor-element-4fb5b57\" data-id=\"4fb5b57\" data-element_type=\"column\">\n\t\t\t<div class=\"elementor-widget-wrap elementor-element-populated\">\n\t\t\t\t\t\t<div class=\"elementor-element elementor-element-e56acea elementor-widget elementor-widget-image\" data-id=\"e56acea\" data-element_type=\"widget\" data-widget_type=\"image.default\">\n\t\t\t\t<div class=\"elementor-widget-container\">\n\t\t\t\t\t\t\t\t\t\t\t\t\t<img fetchpriority=\"high\" decoding=\"async\" width=\"1024\" height=\"1024\" src=\"https:\/\/marketplacesummit.hu\/wp-content\/uploads\/fooldal2-2x-1024x1024.webp\" class=\"attachment-large size-large wp-image-6848\" alt=\"\" srcset=\"https:\/\/marketplacesummit.hu\/wp-content\/uploads\/fooldal2-2x-1024x1024.webp 1024w, https:\/\/marketplacesummit.hu\/wp-content\/uploads\/fooldal2-2x-600x600.webp 600w, https:\/\/marketplacesummit.hu\/wp-content\/uploads\/fooldal2-2x-150x150.webp 150w, https:\/\/marketplacesummit.hu\/wp-content\/uploads\/fooldal2-2x-768x768.webp 768w, https:\/\/marketplacesummit.hu\/wp-content\/uploads\/fooldal2-2x-1536x1536.webp 1536w, https:\/\/marketplacesummit.hu\/wp-content\/uploads\/fooldal2-2x.webp 2000w\" sizes=\"(max-width: 1024px) 100vw, 1024px\" \/>\t\t\t\t\t\t\t\t\t\t\t\t\t<\/div>\n\t\t\t\t<\/div>\n\t\t\t\t<div class=\"elementor-element elementor-element-2309a64 elementor-align-left elementor-widget elementor-widget-rt-title\" data-id=\"2309a64\" data-element_type=\"widget\" data-widget_type=\"rt-title.default\">\n\t\t\t\t<div class=\"elementor-widget-container\">\n\t\t\t<div class=\"section-heading style-one\">\n\t<h2  class=\"heading-title\">Ecommerce Hungary<\/h2>    <p>Contact person<br \/><strong>Ecommerce Hungary<\/strong><\/p>    <\/div>\t\t<\/div>\n\t\t\t\t<\/div>\n\t\t\t\t\t<\/div>\n\t\t<\/div>\n\t\t\t\t\t<\/div>\n\t\t<\/section>\n\t\t\t\t<section class=\"elementor-section elementor-top-section elementor-element elementor-element-5d9472c elementor-section-boxed elementor-section-height-default elementor-section-height-default\" data-id=\"5d9472c\" data-element_type=\"section\">\n\t\t\t\t\t\t<div class=\"elementor-container elementor-column-gap-default\">\n\t\t\t\t\t<div class=\"elementor-column elementor-col-100 elementor-top-column elementor-element elementor-element-c81d3cf\" data-id=\"c81d3cf\" data-element_type=\"column\">\n\t\t\t<div class=\"elementor-widget-wrap elementor-element-populated\">\n\t\t\t\t\t\t<div class=\"elementor-element elementor-element-3012366 elementor-widget-divider--view-line elementor-widget elementor-widget-divider\" data-id=\"3012366\" data-element_type=\"widget\" data-widget_type=\"divider.default\">\n\t\t\t\t<div class=\"elementor-widget-container\">\n\t\t\t\t\t<div class=\"elementor-divider\">\n\t\t\t<span class=\"elementor-divider-separator\">\n\t\t\t\t\t\t<\/span>\n\t\t<\/div>\n\t\t\t\t<\/div>\n\t\t\t\t<\/div>\n\t\t\t\t\t<\/div>\n\t\t<\/div>\n\t\t\t\t\t<\/div>\n\t\t<\/section>\n\t\t\t\t<\/div>","protected":false},"excerpt":{"rendered":"<p>Szponzori, t\u00e1mogat\u00f3i \u00e9rdekl\u0151d\u00e9s kapcs\u00e1n k\u00e9rj\u00fck t\u00f6ltsd ki az al\u00e1bbi \u0171rlapot: Ecommerce Hungary kapcsolattart\u00f3 titulusaEcommerce Hungary<\/p>","protected":false},"author":1,"featured_media":0,"parent":0,"menu_order":0,"comment_status":"closed","ping_status":"closed","template":"elementor_header_footer","meta":{"footnotes":""},"class_list":["post-6977","page","type-page","status-publish","hentry"],"yoast_head":"<!-- This site is optimized with the Yoast SEO plugin v23.7 - https:\/\/yoast.com\/wordpress\/plugins\/seo\/ -->\n<title>Szponzoroknak - Marketplace &amp; Cross- Border Summit Budapest<\/title>\n<meta name=\"robots\" content=\"index, follow, max-snippet:-1, max-image-preview:large, max-video-preview:-1\" \/>\n<link rel=\"canonical\" href=\"https:\/\/marketplacesummit.hu\/en\/szponzoroknak\/\" \/>\n<meta property=\"og:locale\" content=\"en_GB\" \/>\n<meta property=\"og:type\" content=\"article\" \/>\n<meta property=\"og:title\" content=\"Szponzoroknak - Marketplace &amp; Cross- Border Summit Budapest\" \/>\n<meta property=\"og:description\" content=\"Szponzori, t\u00e1mogat\u00f3i \u00e9rdekl\u0151d\u00e9s kapcs\u00e1n k\u00e9rj\u00fck t\u00f6ltsd ki az al\u00e1bbi \u0171rlapot: Ecommerce Hungary kapcsolattart\u00f3 titulusaEcommerce Hungary\" \/>\n<meta property=\"og:url\" content=\"https:\/\/marketplacesummit.hu\/en\/szponzoroknak\/\" \/>\n<meta property=\"og:site_name\" content=\"Marketplace &amp; Cross- Border Summit Budapest\" \/>\n<meta property=\"article:modified_time\" content=\"2024-11-21T08:06:22+00:00\" \/>\n<meta property=\"og:image\" content=\"https:\/\/marketplacesummit.hu\/wp-content\/uploads\/fooldal2-2x.webp\" \/>\n\t<meta property=\"og:image:width\" content=\"2000\" \/>\n\t<meta property=\"og:image:height\" content=\"2000\" \/>\n\t<meta property=\"og:image:type\" content=\"image\/webp\" \/>\n<meta name=\"twitter:card\" content=\"summary_large_image\" \/>\n<script type=\"application\/ld+json\" class=\"yoast-schema-graph\">{\"@context\":\"https:\/\/schema.org\",\"@graph\":[{\"@type\":\"WebPage\",\"@id\":\"https:\/\/marketplacesummit.hu\/szponzoroknak\/\",\"url\":\"https:\/\/marketplacesummit.hu\/szponzoroknak\/\",\"name\":\"Szponzoroknak - Marketplace &amp; Cross- Border Summit Budapest\",\"isPartOf\":{\"@id\":\"https:\/\/marketplacesummit.hu\/#website\"},\"primaryImageOfPage\":{\"@id\":\"https:\/\/marketplacesummit.hu\/szponzoroknak\/#primaryimage\"},\"image\":{\"@id\":\"https:\/\/marketplacesummit.hu\/szponzoroknak\/#primaryimage\"},\"thumbnailUrl\":\"https:\/\/marketplacesummit.hu\/wp-content\/uploads\/fooldal2-2x-1024x1024.webp\",\"datePublished\":\"2024-11-07T14:02:27+00:00\",\"dateModified\":\"2024-11-21T08:06:22+00:00\",\"breadcrumb\":{\"@id\":\"https:\/\/marketplacesummit.hu\/szponzoroknak\/#breadcrumb\"},\"inLanguage\":\"en-GB\",\"potentialAction\":[{\"@type\":\"ReadAction\",\"target\":[\"https:\/\/marketplacesummit.hu\/szponzoroknak\/\"]}]},{\"@type\":\"ImageObject\",\"inLanguage\":\"en-GB\",\"@id\":\"https:\/\/marketplacesummit.hu\/szponzoroknak\/#primaryimage\",\"url\":\"https:\/\/marketplacesummit.hu\/wp-content\/uploads\/fooldal2-2x-1024x1024.webp\",\"contentUrl\":\"https:\/\/marketplacesummit.hu\/wp-content\/uploads\/fooldal2-2x-1024x1024.webp\"},{\"@type\":\"BreadcrumbList\",\"@id\":\"https:\/\/marketplacesummit.hu\/szponzoroknak\/#breadcrumb\",\"itemListElement\":[{\"@type\":\"ListItem\",\"position\":1,\"name\":\"Kezd\u0151lap\",\"item\":\"https:\/\/marketplacesummit.hu\/\"},{\"@type\":\"ListItem\",\"position\":2,\"name\":\"Szponzoroknak\"}]},{\"@type\":\"WebSite\",\"@id\":\"https:\/\/marketplacesummit.hu\/#website\",\"url\":\"https:\/\/marketplacesummit.hu\/\",\"name\":\"Marketplace &amp; Cross- Border Summit Budapest\",\"description\":\"Magyarorsz\u00e1g legels\u0151 marketplace f\u00f3kusz\u00fa konferenci\u00e1ja\",\"potentialAction\":[{\"@type\":\"SearchAction\",\"target\":{\"@type\":\"EntryPoint\",\"urlTemplate\":\"https:\/\/marketplacesummit.hu\/?s={search_term_string}\"},\"query-input\":{\"@type\":\"PropertyValueSpecification\",\"valueRequired\":true,\"valueName\":\"search_term_string\"}}],\"inLanguage\":\"en-GB\"}]}<\/script>\n<!-- \/ Yoast SEO plugin. -->","yoast_head_json":{"title":"Szponzoroknak - Marketplace &amp; Cross- Border Summit Budapest","robots":{"index":"index","follow":"follow","max-snippet":"max-snippet:-1","max-image-preview":"max-image-preview:large","max-video-preview":"max-video-preview:-1"},"canonical":"https:\/\/marketplacesummit.hu\/en\/szponzoroknak\/","og_locale":"en_GB","og_type":"article","og_title":"Szponzoroknak - Marketplace &amp; Cross- Border Summit Budapest","og_description":"Szponzori, t\u00e1mogat\u00f3i \u00e9rdekl\u0151d\u00e9s kapcs\u00e1n k\u00e9rj\u00fck t\u00f6ltsd ki az al\u00e1bbi \u0171rlapot: Ecommerce Hungary kapcsolattart\u00f3 titulusaEcommerce Hungary","og_url":"https:\/\/marketplacesummit.hu\/en\/szponzoroknak\/","og_site_name":"Marketplace &amp; Cross- Border Summit Budapest","article_modified_time":"2024-11-21T08:06:22+00:00","og_image":[{"width":2000,"height":2000,"url":"https:\/\/marketplacesummit.hu\/wp-content\/uploads\/fooldal2-2x.webp","type":"image\/webp"}],"twitter_card":"summary_large_image","schema":{"@context":"https:\/\/schema.org","@graph":[{"@type":"WebPage","@id":"https:\/\/marketplacesummit.hu\/szponzoroknak\/","url":"https:\/\/marketplacesummit.hu\/szponzoroknak\/","name":"Szponzoroknak - Marketplace &amp; Cross- Border Summit Budapest","isPartOf":{"@id":"https:\/\/marketplacesummit.hu\/#website"},"primaryImageOfPage":{"@id":"https:\/\/marketplacesummit.hu\/szponzoroknak\/#primaryimage"},"image":{"@id":"https:\/\/marketplacesummit.hu\/szponzoroknak\/#primaryimage"},"thumbnailUrl":"https:\/\/marketplacesummit.hu\/wp-content\/uploads\/fooldal2-2x-1024x1024.webp","datePublished":"2024-11-07T14:02:27+00:00","dateModified":"2024-11-21T08:06:22+00:00","breadcrumb":{"@id":"https:\/\/marketplacesummit.hu\/szponzoroknak\/#breadcrumb"},"inLanguage":"en-GB","potentialAction":[{"@type":"ReadAction","target":["https:\/\/marketplacesummit.hu\/szponzoroknak\/"]}]},{"@type":"ImageObject","inLanguage":"en-GB","@id":"https:\/\/marketplacesummit.hu\/szponzoroknak\/#primaryimage","url":"https:\/\/marketplacesummit.hu\/wp-content\/uploads\/fooldal2-2x-1024x1024.webp","contentUrl":"https:\/\/marketplacesummit.hu\/wp-content\/uploads\/fooldal2-2x-1024x1024.webp"},{"@type":"BreadcrumbList","@id":"https:\/\/marketplacesummit.hu\/szponzoroknak\/#breadcrumb","itemListElement":[{"@type":"ListItem","position":1,"name":"Kezd\u0151lap","item":"https:\/\/marketplacesummit.hu\/"},{"@type":"ListItem","position":2,"name":"Szponzoroknak"}]},{"@type":"WebSite","@id":"https:\/\/marketplacesummit.hu\/#website","url":"https:\/\/marketplacesummit.hu\/","name":"Marketplace &amp; Cross- Border Summit Budapest","description":"Magyarorsz\u00e1g legels\u0151 marketplace f\u00f3kusz\u00fa konferenci\u00e1ja","potentialAction":[{"@type":"SearchAction","target":{"@type":"EntryPoint","urlTemplate":"https:\/\/marketplacesummit.hu\/?s={search_term_string}"},"query-input":{"@type":"PropertyValueSpecification","valueRequired":true,"valueName":"search_term_string"}}],"inLanguage":"en-GB"}]}},"_links":{"self":[{"href":"https:\/\/marketplacesummit.hu\/en\/wp-json\/wp\/v2\/pages\/6977","targetHints":{"allow":["GET"]}}],"collection":[{"href":"https:\/\/marketplacesummit.hu\/en\/wp-json\/wp\/v2\/pages"}],"about":[{"href":"https:\/\/marketplacesummit.hu\/en\/wp-json\/wp\/v2\/types\/page"}],"author":[{"embeddable":true,"href":"https:\/\/marketplacesummit.hu\/en\/wp-json\/wp\/v2\/users\/1"}],"replies":[{"embeddable":true,"href":"https:\/\/marketplacesummit.hu\/en\/wp-json\/wp\/v2\/comments?post=6977"}],"version-history":[{"count":37,"href":"https:\/\/marketplacesummit.hu\/en\/wp-json\/wp\/v2\/pages\/6977\/revisions"}],"predecessor-version":[{"id":7484,"href":"https:\/\/marketplacesummit.hu\/en\/wp-json\/wp\/v2\/pages\/6977\/revisions\/7484"}],"wp:attachment":[{"href":"https:\/\/marketplacesummit.hu\/en\/wp-json\/wp\/v2\/media?parent=6977"}],"curies":[{"name":"wp","href":"https:\/\/api.w.org\/{rel}","templated":true}]}}