{"id":8382,"date":"2025-01-20T16:02:16","date_gmt":"2025-01-20T15:02:16","guid":{"rendered":"https:\/\/marketplacesummit.hu\/?page_id=8382"},"modified":"2025-01-20T16:48:21","modified_gmt":"2025-01-20T15:48:21","slug":"webinar-adlogic-belepes","status":"publish","type":"page","link":"https:\/\/marketplacesummit.hu\/en\/webinar-adlogic-belepes\/","title":{"rendered":"Webinar Adlogic &#8211; Bel\u00e9p\u00e9s"},"content":{"rendered":"<div data-elementor-type=\"wp-page\" data-elementor-id=\"8382\" class=\"elementor elementor-8382\">\n\t\t\t\t\t\t<section class=\"elementor-section elementor-top-section elementor-element elementor-element-5953c3bc elementor-section-height-full elementor-section-boxed elementor-section-height-default elementor-section-items-middle\" data-id=\"5953c3bc\" data-element_type=\"section\" data-settings=\"{&quot;background_background&quot;:&quot;classic&quot;}\">\n\t\t\t\t\t\t\t<div class=\"elementor-background-overlay\"><\/div>\n\t\t\t\t\t\t\t<div class=\"elementor-container elementor-column-gap-default\">\n\t\t\t\t\t<div class=\"elementor-column elementor-col-50 elementor-top-column elementor-element elementor-element-1e83b081\" data-id=\"1e83b081\" data-element_type=\"column\">\n\t\t\t<div class=\"elementor-widget-wrap elementor-element-populated\">\n\t\t\t\t\t\t<div class=\"elementor-element elementor-element-218ffb54 elementor-icon-list--layout-traditional elementor-list-item-link-full_width elementor-widget elementor-widget-icon-list\" data-id=\"218ffb54\" data-element_type=\"widget\" data-widget_type=\"icon-list.default\">\n\t\t\t\t<div class=\"elementor-widget-container\">\n\t\t\t\t\t<ul class=\"elementor-icon-list-items\">\n\t\t\t\t\t\t\t<li class=\"elementor-icon-list-item\">\n\t\t\t\t\t\t\t\t\t\t\t<span class=\"elementor-icon-list-icon\">\n\t\t\t\t\t\t\t<i aria-hidden=\"true\" class=\"fas fa-trophy\"><\/i>\t\t\t\t\t\t<\/span>\n\t\t\t\t\t\t\t\t\t\t<span class=\"elementor-icon-list-text\">\u201e<span style=\"font-size: 18px; white-space-collapse: collapse;\">Ezt a webin\u00e1rt l\u00e1tnod kell, ha \u00e9rdekel a piacterek adta sz\u00e1mtalan lehet\u0151s\u00e9g&nbsp;<\/span>\"<\/span>\n\t\t\t\t\t\t\t\t\t<\/li>\n\t\t\t\t\t\t<\/ul>\n\t\t\t\t<\/div>\n\t\t\t\t<\/div>\n\t\t\t\t<div class=\"elementor-element elementor-element-331e4a8f elementor-widget elementor-widget-heading\" data-id=\"331e4a8f\" data-element_type=\"widget\" data-widget_type=\"heading.default\">\n\t\t\t\t<div class=\"elementor-widget-container\">\n\t\t\t<h2 class=\"elementor-heading-title elementor-size-default\">Ne f\u00e9lj a piacterekr\u0151l \u00e9s a k\u00fclf\u00f6ldt\u0151l.<\/h2>\t\t<\/div>\n\t\t\t\t<\/div>\n\t\t\t\t<div class=\"elementor-element elementor-element-237ac6d7 elementor-widget elementor-widget-heading\" data-id=\"237ac6d7\" data-element_type=\"widget\" data-widget_type=\"heading.default\">\n\t\t\t\t<div class=\"elementor-widget-container\">\n\t\t\t<h3 class=\"elementor-heading-title elementor-size-default\">Egyszer\u0171en \u00e9s gyorsan is mehet, err\u0151l sz\u00f3l \u00edzel\u00edt\u0151 webin\u00e1riumunk.<\/h3>\t\t<\/div>\n\t\t\t\t<\/div>\n\t\t\t\t<section class=\"elementor-section elementor-inner-section elementor-element elementor-element-29b01212 elementor-section-boxed elementor-section-height-default elementor-section-height-default\" data-id=\"29b01212\" data-element_type=\"section\">\n\t\t\t\t\t\t<div class=\"elementor-container elementor-column-gap-default\">\n\t\t\t\t\t<div class=\"elementor-column elementor-col-100 elementor-inner-column elementor-element elementor-element-1ee6112d\" data-id=\"1ee6112d\" data-element_type=\"column\">\n\t\t\t<div class=\"elementor-widget-wrap elementor-element-populated\">\n\t\t\t\t\t\t<div class=\"elementor-element elementor-element-50df047c elementor-icon-list--layout-traditional elementor-list-item-link-full_width elementor-widget elementor-widget-icon-list\" data-id=\"50df047c\" data-element_type=\"widget\" data-widget_type=\"icon-list.default\">\n\t\t\t\t<div class=\"elementor-widget-container\">\n\t\t\t\t\t<ul class=\"elementor-icon-list-items\">\n\t\t\t\t\t\t\t<li class=\"elementor-icon-list-item\">\n\t\t\t\t\t\t\t\t\t\t\t<span class=\"elementor-icon-list-icon\">\n\t\t\t\t\t\t\t<i aria-hidden=\"true\" class=\"far fa-calendar-alt\"><\/i>\t\t\t\t\t\t<\/span>\n\t\t\t\t\t\t\t\t\t\t<span class=\"elementor-icon-list-text\"><b>2025.01.28.  <\/b>(kedd) - 15:00 \u2013 16:00<\/span>\n\t\t\t\t\t\t\t\t\t<\/li>\n\t\t\t\t\t\t\t\t<li class=\"elementor-icon-list-item\">\n\t\t\t\t\t\t\t\t\t\t\t<span class=\"elementor-icon-list-icon\">\n\t\t\t\t\t\t\t<i aria-hidden=\"true\" class=\"fas fa-video\"><\/i>\t\t\t\t\t\t<\/span>\n\t\t\t\t\t\t\t\t\t\t<span class=\"elementor-icon-list-text\"><b>ONLINE<\/b>, 100% \u00e9l\u0151ben<\/span>\n\t\t\t\t\t\t\t\t\t<\/li>\n\t\t\t\t\t\t<\/ul>\n\t\t\t\t<\/div>\n\t\t\t\t<\/div>\n\t\t\t\t\t<\/div>\n\t\t<\/div>\n\t\t\t\t\t<\/div>\n\t\t<\/section>\n\t\t\t\t<div class=\"elementor-element elementor-element-60e77ac3 elementor-widget elementor-widget-spacer\" data-id=\"60e77ac3\" data-element_type=\"widget\" data-widget_type=\"spacer.default\">\n\t\t\t\t<div class=\"elementor-widget-container\">\n\t\t\t\t\t<div class=\"elementor-spacer\">\n\t\t\t<div class=\"elementor-spacer-inner\"><\/div>\n\t\t<\/div>\n\t\t\t\t<\/div>\n\t\t\t\t<\/div>\n\t\t\t\t<div class=\"elementor-element elementor-element-6a0395cc elementor-align-left elementor-widget elementor-widget-button\" data-id=\"6a0395cc\" data-element_type=\"widget\" data-widget_type=\"button.default\">\n\t\t\t\t<div class=\"elementor-widget-container\">\n\t\t\t\t\t\t\t<div class=\"elementor-button-wrapper\">\n\t\t\t\t\t<a class=\"elementor-button elementor-button-link elementor-size-sm elementor-animation-grow\" href=\"https:\/\/meet.google.com\/ghz-iknj-wzk\" target=\"_blank\">\n\t\t\t\t\t\t<span class=\"elementor-button-content-wrapper\">\n\t\t\t\t\t\t\t\t\t<span class=\"elementor-button-text\">Webin\u00e1r megtekint\u00e9se<\/span>\n\t\t\t\t\t<\/span>\n\t\t\t\t\t<\/a>\n\t\t\t\t<\/div>\n\t\t\t\t\t\t<\/div>\n\t\t\t\t<\/div>\n\t\t\t\t\t<\/div>\n\t\t<\/div>\n\t\t\t\t<div class=\"elementor-column elementor-col-50 elementor-top-column elementor-element elementor-element-188b6c28\" data-id=\"188b6c28\" data-element_type=\"column\">\n\t\t\t<div class=\"elementor-widget-wrap elementor-element-populated\">\n\t\t\t\t\t\t<div class=\"elementor-element elementor-element-1d79e615 elementor-widget elementor-widget-image\" data-id=\"1d79e615\" data-element_type=\"widget\" data-widget_type=\"image.default\">\n\t\t\t\t<div class=\"elementor-widget-container\">\n\t\t\t\t\t\t\t\t\t\t\t\t\t<img fetchpriority=\"high\" decoding=\"async\" width=\"1000\" height=\"1000\" src=\"https:\/\/marketplacesummit.hu\/wp-content\/uploads\/webinar.png\" class=\"attachment-large size-large wp-image-8390\" alt=\"\" srcset=\"https:\/\/marketplacesummit.hu\/wp-content\/uploads\/webinar.png 1000w, https:\/\/marketplacesummit.hu\/wp-content\/uploads\/webinar-600x600.png 600w, https:\/\/marketplacesummit.hu\/wp-content\/uploads\/webinar-150x150.png 150w, https:\/\/marketplacesummit.hu\/wp-content\/uploads\/webinar-768x768.png 768w, https:\/\/marketplacesummit.hu\/wp-content\/uploads\/webinar-12x12.png 12w\" sizes=\"(max-width: 1000px) 100vw, 1000px\" \/>\t\t\t\t\t\t\t\t\t\t\t\t\t<\/div>\n\t\t\t\t<\/div>\n\t\t\t\t\t<\/div>\n\t\t<\/div>\n\t\t\t\t\t<\/div>\n\t\t<\/section>\n\t\t\t\t<\/div>","protected":false},"excerpt":{"rendered":"<p>\u201eEzt a webin\u00e1rt l\u00e1tnod kell, ha \u00e9rdekel a piacterek adta sz\u00e1mtalan lehet\u0151s\u00e9g&nbsp;&#8221; Ne f\u00e9lj a piacterekr\u0151l \u00e9s a k\u00fclf\u00f6ldt\u0151l. Egyszer\u0171en \u00e9s gyorsan is mehet, err\u0151l sz\u00f3l \u00edzel\u00edt\u0151 webin\u00e1riumunk. 2025.01.28. (kedd) &#8211; 15:00 \u2013 16:00 ONLINE, 100% \u00e9l\u0151ben Webin\u00e1r megtekint\u00e9se<\/p>","protected":false},"author":3,"featured_media":0,"parent":0,"menu_order":0,"comment_status":"closed","ping_status":"closed","template":"elementor_canvas","meta":{"footnotes":""},"class_list":["post-8382","page","type-page","status-publish","hentry"],"yoast_head":"<!-- This site is optimized with the Yoast SEO plugin v23.7 - https:\/\/yoast.com\/wordpress\/plugins\/seo\/ -->\n<title>Webinar Adlogic - Bel\u00e9p\u00e9s - Marketplace &amp; Cross- Border Summit Budapest<\/title>\n<meta name=\"robots\" content=\"index, follow, max-snippet:-1, max-image-preview:large, max-video-preview:-1\" \/>\n<link rel=\"canonical\" href=\"https:\/\/marketplacesummit.hu\/en\/webinar-adlogic-belepes\/\" \/>\n<meta property=\"og:locale\" content=\"en_GB\" \/>\n<meta property=\"og:type\" content=\"article\" \/>\n<meta property=\"og:title\" content=\"Webinar Adlogic - Bel\u00e9p\u00e9s - Marketplace &amp; Cross- Border Summit Budapest\" \/>\n<meta property=\"og:description\" content=\"\u201eEzt a webin\u00e1rt l\u00e1tnod kell, ha \u00e9rdekel a piacterek adta sz\u00e1mtalan lehet\u0151s\u00e9g&nbsp;&#8221; Ne f\u00e9lj a piacterekr\u0151l \u00e9s a k\u00fclf\u00f6ldt\u0151l. Egyszer\u0171en \u00e9s gyorsan is mehet, err\u0151l sz\u00f3l \u00edzel\u00edt\u0151 webin\u00e1riumunk. 2025.01.28. (kedd) &#8211; 15:00 \u2013 16:00 ONLINE, 100% \u00e9l\u0151ben Webin\u00e1r megtekint\u00e9se\" \/>\n<meta property=\"og:url\" content=\"https:\/\/marketplacesummit.hu\/en\/webinar-adlogic-belepes\/\" \/>\n<meta property=\"og:site_name\" content=\"Marketplace &amp; Cross- Border Summit Budapest\" \/>\n<meta property=\"article:modified_time\" content=\"2025-01-20T15:48:21+00:00\" \/>\n<meta property=\"og:image\" content=\"https:\/\/marketplacesummit.hu\/wp-content\/uploads\/webinar.png\" \/>\n\t<meta property=\"og:image:width\" content=\"1000\" \/>\n\t<meta property=\"og:image:height\" content=\"1000\" \/>\n\t<meta property=\"og:image:type\" content=\"image\/png\" \/>\n<meta name=\"twitter:card\" content=\"summary_large_image\" \/>\n<script type=\"application\/ld+json\" class=\"yoast-schema-graph\">{\"@context\":\"https:\/\/schema.org\",\"@graph\":[{\"@type\":\"WebPage\",\"@id\":\"https:\/\/marketplacesummit.hu\/webinar-adlogic-belepes\/\",\"url\":\"https:\/\/marketplacesummit.hu\/webinar-adlogic-belepes\/\",\"name\":\"Webinar Adlogic - Bel\u00e9p\u00e9s - Marketplace &amp; Cross- Border Summit Budapest\",\"isPartOf\":{\"@id\":\"https:\/\/marketplacesummit.hu\/#website\"},\"primaryImageOfPage\":{\"@id\":\"https:\/\/marketplacesummit.hu\/webinar-adlogic-belepes\/#primaryimage\"},\"image\":{\"@id\":\"https:\/\/marketplacesummit.hu\/webinar-adlogic-belepes\/#primaryimage\"},\"thumbnailUrl\":\"https:\/\/marketplacesummit.hu\/wp-content\/uploads\/webinar.png\",\"datePublished\":\"2025-01-20T15:02:16+00:00\",\"dateModified\":\"2025-01-20T15:48:21+00:00\",\"breadcrumb\":{\"@id\":\"https:\/\/marketplacesummit.hu\/webinar-adlogic-belepes\/#breadcrumb\"},\"inLanguage\":\"en-GB\",\"potentialAction\":[{\"@type\":\"ReadAction\",\"target\":[\"https:\/\/marketplacesummit.hu\/webinar-adlogic-belepes\/\"]}]},{\"@type\":\"ImageObject\",\"inLanguage\":\"en-GB\",\"@id\":\"https:\/\/marketplacesummit.hu\/webinar-adlogic-belepes\/#primaryimage\",\"url\":\"https:\/\/marketplacesummit.hu\/wp-content\/uploads\/webinar.png\",\"contentUrl\":\"https:\/\/marketplacesummit.hu\/wp-content\/uploads\/webinar.png\"},{\"@type\":\"BreadcrumbList\",\"@id\":\"https:\/\/marketplacesummit.hu\/webinar-adlogic-belepes\/#breadcrumb\",\"itemListElement\":[{\"@type\":\"ListItem\",\"position\":1,\"name\":\"Kezd\u0151lap\",\"item\":\"https:\/\/marketplacesummit.hu\/\"},{\"@type\":\"ListItem\",\"position\":2,\"name\":\"Webinar Adlogic &#8211; Bel\u00e9p\u00e9s\"}]},{\"@type\":\"WebSite\",\"@id\":\"https:\/\/marketplacesummit.hu\/#website\",\"url\":\"https:\/\/marketplacesummit.hu\/\",\"name\":\"Marketplace &amp; Cross- Border Summit Budapest\",\"description\":\"Magyarorsz\u00e1g legels\u0151 marketplace f\u00f3kusz\u00fa konferenci\u00e1ja\",\"potentialAction\":[{\"@type\":\"SearchAction\",\"target\":{\"@type\":\"EntryPoint\",\"urlTemplate\":\"https:\/\/marketplacesummit.hu\/?s={search_term_string}\"},\"query-input\":{\"@type\":\"PropertyValueSpecification\",\"valueRequired\":true,\"valueName\":\"search_term_string\"}}],\"inLanguage\":\"en-GB\"}]}<\/script>\n<!-- \/ Yoast SEO plugin. -->","yoast_head_json":{"title":"Webinar Adlogic - Bel\u00e9p\u00e9s - Marketplace &amp; Cross- Border Summit Budapest","robots":{"index":"index","follow":"follow","max-snippet":"max-snippet:-1","max-image-preview":"max-image-preview:large","max-video-preview":"max-video-preview:-1"},"canonical":"https:\/\/marketplacesummit.hu\/en\/webinar-adlogic-belepes\/","og_locale":"en_GB","og_type":"article","og_title":"Webinar Adlogic - Bel\u00e9p\u00e9s - Marketplace &amp; Cross- Border Summit Budapest","og_description":"\u201eEzt a webin\u00e1rt l\u00e1tnod kell, ha \u00e9rdekel a piacterek adta sz\u00e1mtalan lehet\u0151s\u00e9g&nbsp;&#8221; Ne f\u00e9lj a piacterekr\u0151l \u00e9s a k\u00fclf\u00f6ldt\u0151l. Egyszer\u0171en \u00e9s gyorsan is mehet, err\u0151l sz\u00f3l \u00edzel\u00edt\u0151 webin\u00e1riumunk. 2025.01.28. (kedd) &#8211; 15:00 \u2013 16:00 ONLINE, 100% \u00e9l\u0151ben Webin\u00e1r megtekint\u00e9se","og_url":"https:\/\/marketplacesummit.hu\/en\/webinar-adlogic-belepes\/","og_site_name":"Marketplace &amp; Cross- Border Summit Budapest","article_modified_time":"2025-01-20T15:48:21+00:00","og_image":[{"width":1000,"height":1000,"url":"https:\/\/marketplacesummit.hu\/wp-content\/uploads\/webinar.png","type":"image\/png"}],"twitter_card":"summary_large_image","schema":{"@context":"https:\/\/schema.org","@graph":[{"@type":"WebPage","@id":"https:\/\/marketplacesummit.hu\/webinar-adlogic-belepes\/","url":"https:\/\/marketplacesummit.hu\/webinar-adlogic-belepes\/","name":"Webinar Adlogic - Bel\u00e9p\u00e9s - Marketplace &amp; Cross- Border Summit Budapest","isPartOf":{"@id":"https:\/\/marketplacesummit.hu\/#website"},"primaryImageOfPage":{"@id":"https:\/\/marketplacesummit.hu\/webinar-adlogic-belepes\/#primaryimage"},"image":{"@id":"https:\/\/marketplacesummit.hu\/webinar-adlogic-belepes\/#primaryimage"},"thumbnailUrl":"https:\/\/marketplacesummit.hu\/wp-content\/uploads\/webinar.png","datePublished":"2025-01-20T15:02:16+00:00","dateModified":"2025-01-20T15:48:21+00:00","breadcrumb":{"@id":"https:\/\/marketplacesummit.hu\/webinar-adlogic-belepes\/#breadcrumb"},"inLanguage":"en-GB","potentialAction":[{"@type":"ReadAction","target":["https:\/\/marketplacesummit.hu\/webinar-adlogic-belepes\/"]}]},{"@type":"ImageObject","inLanguage":"en-GB","@id":"https:\/\/marketplacesummit.hu\/webinar-adlogic-belepes\/#primaryimage","url":"https:\/\/marketplacesummit.hu\/wp-content\/uploads\/webinar.png","contentUrl":"https:\/\/marketplacesummit.hu\/wp-content\/uploads\/webinar.png"},{"@type":"BreadcrumbList","@id":"https:\/\/marketplacesummit.hu\/webinar-adlogic-belepes\/#breadcrumb","itemListElement":[{"@type":"ListItem","position":1,"name":"Kezd\u0151lap","item":"https:\/\/marketplacesummit.hu\/"},{"@type":"ListItem","position":2,"name":"Webinar Adlogic &#8211; Bel\u00e9p\u00e9s"}]},{"@type":"WebSite","@id":"https:\/\/marketplacesummit.hu\/#website","url":"https:\/\/marketplacesummit.hu\/","name":"Marketplace &amp; Cross- Border Summit Budapest","description":"Magyarorsz\u00e1g legels\u0151 marketplace f\u00f3kusz\u00fa konferenci\u00e1ja","potentialAction":[{"@type":"SearchAction","target":{"@type":"EntryPoint","urlTemplate":"https:\/\/marketplacesummit.hu\/?s={search_term_string}"},"query-input":{"@type":"PropertyValueSpecification","valueRequired":true,"valueName":"search_term_string"}}],"inLanguage":"en-GB"}]}},"_links":{"self":[{"href":"https:\/\/marketplacesummit.hu\/en\/wp-json\/wp\/v2\/pages\/8382","targetHints":{"allow":["GET"]}}],"collection":[{"href":"https:\/\/marketplacesummit.hu\/en\/wp-json\/wp\/v2\/pages"}],"about":[{"href":"https:\/\/marketplacesummit.hu\/en\/wp-json\/wp\/v2\/types\/page"}],"author":[{"embeddable":true,"href":"https:\/\/marketplacesummit.hu\/en\/wp-json\/wp\/v2\/users\/3"}],"replies":[{"embeddable":true,"href":"https:\/\/marketplacesummit.hu\/en\/wp-json\/wp\/v2\/comments?post=8382"}],"version-history":[{"count":7,"href":"https:\/\/marketplacesummit.hu\/en\/wp-json\/wp\/v2\/pages\/8382\/revisions"}],"predecessor-version":[{"id":8393,"href":"https:\/\/marketplacesummit.hu\/en\/wp-json\/wp\/v2\/pages\/8382\/revisions\/8393"}],"wp:attachment":[{"href":"https:\/\/marketplacesummit.hu\/en\/wp-json\/wp\/v2\/media?parent=8382"}],"curies":[{"name":"wp","href":"https:\/\/api.w.org\/{rel}","templated":true}]}}