{"id":8401,"date":"2025-01-20T16:54:56","date_gmt":"2025-01-20T15:54:56","guid":{"rendered":"https:\/\/marketplacesummit.hu\/?page_id=8401"},"modified":"2025-01-20T16:57:14","modified_gmt":"2025-01-20T15:57:14","slug":"webinar-adlogic-koszono","status":"publish","type":"page","link":"https:\/\/marketplacesummit.hu\/en\/webinar-adlogic-koszono\/","title":{"rendered":"Webinar Adlogic &#8211; K\u00f6sz\u00f6n\u0151"},"content":{"rendered":"<div data-elementor-type=\"wp-page\" data-elementor-id=\"8401\" class=\"elementor elementor-8401\">\n\t\t\t\t\t\t<section class=\"elementor-section elementor-top-section elementor-element elementor-element-1aa0ece7 elementor-section-boxed elementor-section-height-default elementor-section-height-default\" data-id=\"1aa0ece7\" data-element_type=\"section\" data-settings=\"{&quot;background_background&quot;:&quot;classic&quot;}\">\n\t\t\t\t\t\t\t<div class=\"elementor-background-overlay\"><\/div>\n\t\t\t\t\t\t\t<div class=\"elementor-container elementor-column-gap-default\">\n\t\t\t\t\t<div class=\"elementor-column elementor-col-100 elementor-top-column elementor-element elementor-element-625183f4\" data-id=\"625183f4\" data-element_type=\"column\">\n\t\t\t<div class=\"elementor-widget-wrap elementor-element-populated\">\n\t\t\t\t\t\t<div class=\"elementor-element elementor-element-583969d7 elementor-widget elementor-widget-heading\" data-id=\"583969d7\" data-element_type=\"widget\" data-widget_type=\"heading.default\">\n\t\t\t\t<div class=\"elementor-widget-container\">\n\t\t\t<h2 class=\"elementor-heading-title elementor-size-default\">Gratul\u00e1lunk a d\u00f6nt\u00e9sedhez, te m\u00e1r bebiztos\u00edtottad a helyed az ingyenes el\u0151ad\u00e1sra Venk L\u00e1szl\u00f3val!<\/h2>\t\t<\/div>\n\t\t\t\t<\/div>\n\t\t\t\t<div class=\"elementor-element elementor-element-3b803d69 elementor-widget elementor-widget-text-editor\" data-id=\"3b803d69\" data-element_type=\"widget\" data-widget_type=\"text-editor.default\">\n\t\t\t\t<div class=\"elementor-widget-container\">\n\t\t\t\t\t\t\t<p><strong>Perceken bel\u00fcl kapnod kell egy levelet<\/strong> a <a href=\"mailto:info@marketplacesummit.hu\">info@marketplacesummit.hu<\/a> c\u00edmr\u0151l, benne a legf\u0151bb inform\u00e1ci\u00f3kkal!<\/p><p>Ha 10 percen bel\u00fcl nem kapod meg, akkor k\u00e9rlek \u00edrj nek\u00fcnk \u00fczenetet.<\/p>\t\t\t\t\t\t<\/div>\n\t\t\t\t<\/div>\n\t\t\t\t<section class=\"elementor-section elementor-inner-section elementor-element elementor-element-3992e528 elementor-section-boxed elementor-section-height-default elementor-section-height-default\" data-id=\"3992e528\" data-element_type=\"section\">\n\t\t\t\t\t\t<div class=\"elementor-container elementor-column-gap-default\">\n\t\t\t\t\t<div class=\"elementor-column elementor-col-50 elementor-inner-column elementor-element elementor-element-4f509d5c\" data-id=\"4f509d5c\" data-element_type=\"column\" data-settings=\"{&quot;background_background&quot;:&quot;classic&quot;}\">\n\t\t\t<div class=\"elementor-widget-wrap elementor-element-populated\">\n\t\t\t\t\t\t<div class=\"elementor-element elementor-element-7ab3c144 elementor-widget elementor-widget-heading\" data-id=\"7ab3c144\" data-element_type=\"widget\" data-widget_type=\"heading.default\">\n\t\t\t\t<div class=\"elementor-widget-container\">\n\t\t\t<h2 class=\"elementor-heading-title elementor-size-default\">Ne hagyd ki! T\u00e9nyleg ott kell lenned a webin\u00e1ron \u2013 azt is elmondom, mi\u00e9rt!<\/h2>\t\t<\/div>\n\t\t\t\t<\/div>\n\t\t\t\t<div class=\"elementor-element elementor-element-641b5fb2 elementor-widget elementor-widget-text-editor\" data-id=\"641b5fb2\" data-element_type=\"widget\" data-widget_type=\"text-editor.default\">\n\t\t\t\t<div class=\"elementor-widget-container\">\n\t\t\t\t\t\t\t<p>A regisztr\u00e1ci\u00f3 m\u00e9g csak az els\u0151 l\u00e9p\u00e9s. El is kell j\u00f6nn\u00f6d, hogy l\u00e1sd, mivel k\u00e9sz\u00fcl\u00fcnk. Ez a webin\u00e1r tele lesz gyakorlati tippekkel \u00e9s tan\u00e1csokkal, amelyek seg\u00edtenek eligazodni a piacterek vil\u00e1g\u00e1ban.<\/p><p>Csatlakozz, \u00e9s ismerd meg, hogyan haszn\u00e1lhatod az online piactereket a nemzetk\u00f6zi terjeszked\u00e9s sor\u00e1n!<\/p>\t\t\t\t\t\t<\/div>\n\t\t\t\t<\/div>\n\t\t\t\t<div class=\"elementor-element elementor-element-1be3cf41 elementor-widget elementor-widget-spacer\" data-id=\"1be3cf41\" data-element_type=\"widget\" data-widget_type=\"spacer.default\">\n\t\t\t\t<div class=\"elementor-widget-container\">\n\t\t\t\t\t<div class=\"elementor-spacer\">\n\t\t\t<div class=\"elementor-spacer-inner\"><\/div>\n\t\t<\/div>\n\t\t\t\t<\/div>\n\t\t\t\t<\/div>\n\t\t\t\t\t<\/div>\n\t\t<\/div>\n\t\t\t\t<div class=\"elementor-column elementor-col-50 elementor-inner-column elementor-element elementor-element-72f74fd4\" data-id=\"72f74fd4\" data-element_type=\"column\" data-settings=\"{&quot;background_background&quot;:&quot;classic&quot;}\">\n\t\t\t<div class=\"elementor-widget-wrap elementor-element-populated\">\n\t\t\t\t\t\t<div class=\"elementor-element elementor-element-854e6b1 elementor-widget elementor-widget-image\" data-id=\"854e6b1\" data-element_type=\"widget\" data-widget_type=\"image.default\">\n\t\t\t\t<div class=\"elementor-widget-container\">\n\t\t\t\t\t\t\t\t\t\t\t\t\t<img fetchpriority=\"high\" decoding=\"async\" width=\"1000\" height=\"1000\" src=\"https:\/\/marketplacesummit.hu\/wp-content\/uploads\/webinar.png\" class=\"attachment-large size-large wp-image-8390\" alt=\"\" srcset=\"https:\/\/marketplacesummit.hu\/wp-content\/uploads\/webinar.png 1000w, https:\/\/marketplacesummit.hu\/wp-content\/uploads\/webinar-600x600.png 600w, https:\/\/marketplacesummit.hu\/wp-content\/uploads\/webinar-150x150.png 150w, https:\/\/marketplacesummit.hu\/wp-content\/uploads\/webinar-768x768.png 768w, https:\/\/marketplacesummit.hu\/wp-content\/uploads\/webinar-12x12.png 12w\" sizes=\"(max-width: 1000px) 100vw, 1000px\" \/>\t\t\t\t\t\t\t\t\t\t\t\t\t<\/div>\n\t\t\t\t<\/div>\n\t\t\t\t<div class=\"elementor-element elementor-element-5d396e23 elementor-widget elementor-widget-spacer\" data-id=\"5d396e23\" data-element_type=\"widget\" data-widget_type=\"spacer.default\">\n\t\t\t\t<div class=\"elementor-widget-container\">\n\t\t\t\t\t<div class=\"elementor-spacer\">\n\t\t\t<div class=\"elementor-spacer-inner\"><\/div>\n\t\t<\/div>\n\t\t\t\t<\/div>\n\t\t\t\t<\/div>\n\t\t\t\t\t<\/div>\n\t\t<\/div>\n\t\t\t\t\t<\/div>\n\t\t<\/section>\n\t\t\t\t\t<\/div>\n\t\t<\/div>\n\t\t\t\t\t<\/div>\n\t\t<\/section>\n\t\t\t\t<section class=\"elementor-section elementor-top-section elementor-element elementor-element-7eace88c elementor-section-boxed elementor-section-height-default elementor-section-height-default\" data-id=\"7eace88c\" data-element_type=\"section\">\n\t\t\t\t\t\t<div class=\"elementor-container elementor-column-gap-default\">\n\t\t\t\t\t<div class=\"elementor-column elementor-col-33 elementor-top-column elementor-element elementor-element-632f0a8f\" data-id=\"632f0a8f\" data-element_type=\"column\">\n\t\t\t<div class=\"elementor-widget-wrap elementor-element-populated\">\n\t\t\t\t\t\t<div class=\"elementor-element elementor-element-7f113a86 elementor-view-default elementor-position-top elementor-mobile-position-top elementor-widget elementor-widget-icon-box\" data-id=\"7f113a86\" data-element_type=\"widget\" data-widget_type=\"icon-box.default\">\n\t\t\t\t<div class=\"elementor-widget-container\">\n\t\t\t\t\t<div class=\"elementor-icon-box-wrapper\">\n\n\t\t\t\t\t\t<div class=\"elementor-icon-box-icon\">\n\t\t\t\t<span  class=\"elementor-icon elementor-animation-\">\n\t\t\t\t<i aria-hidden=\"true\" class=\"fas fa-shield-alt\"><\/i>\t\t\t\t<\/span>\n\t\t\t<\/div>\n\t\t\t\n\t\t\t\t\t\t<div class=\"elementor-icon-box-content\">\n\n\t\t\t\t\n\t\t\t\t\t\t\t\t\t<p class=\"elementor-icon-box-description\">\n\t\t\t\t\t\tB\u00e1r ritk\u00e1n, de n\u00e9ha megt\u00f6rt\u00e9nhet, hogy a leveleink v\u00e9letlen\u00fcl a SPAM mapp\u00e1ban landolnak. K\u00e9rlek, ellen\u0151rizd a SPAM mapp\u00e1dat is, \u00e9s ha esetleg ott tal\u00e1lod az \u00fczeneteinket, ne felejtsd el hozz\u00e1adni e-mail c\u00edm\u00fcnket a biztons\u00e1gos c\u00edmek list\u00e1j\u00e1hoz. \u00cdgy biztos\u00edthatod be, hogy a j\u00f6v\u0151ben is megkapod az el\u0151ad\u00e1ssal kapcsolatos fontos inform\u00e1ci\u00f3kat.\n\t\t\t\t\t<\/p>\n\t\t\t\t\n\t\t\t<\/div>\n\t\t\t\n\t\t<\/div>\n\t\t\t\t<\/div>\n\t\t\t\t<\/div>\n\t\t\t\t\t<\/div>\n\t\t<\/div>\n\t\t\t\t<div class=\"elementor-column elementor-col-33 elementor-top-column elementor-element elementor-element-72b01670\" data-id=\"72b01670\" data-element_type=\"column\">\n\t\t\t<div class=\"elementor-widget-wrap elementor-element-populated\">\n\t\t\t\t\t\t<div class=\"elementor-element elementor-element-77fa1d1c elementor-view-default elementor-position-top elementor-mobile-position-top elementor-widget elementor-widget-icon-box\" data-id=\"77fa1d1c\" data-element_type=\"widget\" data-widget_type=\"icon-box.default\">\n\t\t\t\t<div class=\"elementor-widget-container\">\n\t\t\t\t\t<div class=\"elementor-icon-box-wrapper\">\n\n\t\t\t\t\t\t<div class=\"elementor-icon-box-icon\">\n\t\t\t\t<span  class=\"elementor-icon elementor-animation-\">\n\t\t\t\t<i aria-hidden=\"true\" class=\"fas fa-envelope\"><\/i>\t\t\t\t<\/span>\n\t\t\t<\/div>\n\t\t\t\n\t\t\t\t\t\t<div class=\"elementor-icon-box-content\">\n\n\t\t\t\t\n\t\t\t\t\t\t\t\t\t<p class=\"elementor-icon-box-description\">\n\t\t\t\t\t\tAmennyiben Gmail-es c\u00edmet haszn\u00e1lsz, el\u0151fordulhat, hogy az \u00fczeneteink a \u201eProm\u00f3ci\u00f3k\u201d vagy \u201eK\u00f6z\u00f6ss\u00e9gi\u201d mapp\u00e1ba ker\u00fclnek. Ezekben a mapp\u00e1kban k\u00f6nnyen elveszhetnek az \u00fczeneteink, \u00edgy azt aj\u00e1nljuk, hogy h\u00fazd \u00e1t azokat az \u201eEls\u0151dleges\u201d mapp\u00e1ba, hogy a j\u00f6v\u0151ben is ide \u00e9rkezzenek, \u00e9s ne maradj le semmir\u0151l!\t\t\t\t\t<\/p>\n\t\t\t\t\n\t\t\t<\/div>\n\t\t\t\n\t\t<\/div>\n\t\t\t\t<\/div>\n\t\t\t\t<\/div>\n\t\t\t\t\t<\/div>\n\t\t<\/div>\n\t\t\t\t<div class=\"elementor-column elementor-col-33 elementor-top-column elementor-element elementor-element-eb008b1\" data-id=\"eb008b1\" data-element_type=\"column\">\n\t\t\t<div class=\"elementor-widget-wrap elementor-element-populated\">\n\t\t\t\t\t\t<div class=\"elementor-element elementor-element-6b3b503b elementor-view-default elementor-position-top elementor-mobile-position-top elementor-widget elementor-widget-icon-box\" data-id=\"6b3b503b\" data-element_type=\"widget\" data-widget_type=\"icon-box.default\">\n\t\t\t\t<div class=\"elementor-widget-container\">\n\t\t\t\t\t<div class=\"elementor-icon-box-wrapper\">\n\n\t\t\t\t\t\t<div class=\"elementor-icon-box-icon\">\n\t\t\t\t<span  class=\"elementor-icon elementor-animation-\">\n\t\t\t\t<i aria-hidden=\"true\" class=\"fas fa-check-circle\"><\/i>\t\t\t\t<\/span>\n\t\t\t<\/div>\n\t\t\t\n\t\t\t\t\t\t<div class=\"elementor-icon-box-content\">\n\n\t\t\t\t\n\t\t\t\t\t\t\t\t\t<p class=\"elementor-icon-box-description\">\n\t\t\t\t\t\tHa egyik helyen sem tal\u00e1lod az \u00fczeneteinket, az \u00e1ltal\u00e1ban el\u00edr\u00e1s miatt t\u00f6rt\u00e9nhetett. Ebben az esetben k\u00e9rj\u00fck, \u00edrj nek\u00fcnk egy \u00fczenetet az info@marketplacesummit.hu c\u00edmre, mi pedig gondoskodunk r\u00f3la, hogy biztosan hozz\u00e1f\u00e9rhess a sz\u00fcks\u00e9ges inform\u00e1ci\u00f3khoz.\t\t\t\t\t<\/p>\n\t\t\t\t\n\t\t\t<\/div>\n\t\t\t\n\t\t<\/div>\n\t\t\t\t<\/div>\n\t\t\t\t<\/div>\n\t\t\t\t\t<\/div>\n\t\t<\/div>\n\t\t\t\t\t<\/div>\n\t\t<\/section>\n\t\t\t\t<\/div>","protected":false},"excerpt":{"rendered":"<p>Gratul\u00e1lunk a d\u00f6nt\u00e9sedhez, te m\u00e1r bebiztos\u00edtottad a helyed az ingyenes el\u0151ad\u00e1sra Venk L\u00e1szl\u00f3val! Perceken bel\u00fcl kapnod kell egy levelet a info@marketplacesummit.hu c\u00edmr\u0151l, benne a legf\u0151bb inform\u00e1ci\u00f3kkal! Ha 10 percen bel\u00fcl nem kapod meg, akkor k\u00e9rlek \u00edrj nek\u00fcnk \u00fczenetet. Ne hagyd ki! T\u00e9nyleg ott kell lenned a webin\u00e1ron \u2013 azt is elmondom, mi\u00e9rt! A regisztr\u00e1ci\u00f3 m\u00e9g&#8230;<\/p>","protected":false},"author":3,"featured_media":0,"parent":0,"menu_order":0,"comment_status":"closed","ping_status":"closed","template":"elementor_canvas","meta":{"footnotes":""},"class_list":["post-8401","page","type-page","status-publish","hentry"],"yoast_head":"<!-- This site is optimized with the Yoast SEO plugin v23.7 - https:\/\/yoast.com\/wordpress\/plugins\/seo\/ -->\n<title>Webinar Adlogic - K\u00f6sz\u00f6n\u0151 - Marketplace &amp; Cross- Border Summit Budapest<\/title>\n<meta name=\"robots\" content=\"index, follow, max-snippet:-1, max-image-preview:large, max-video-preview:-1\" \/>\n<link rel=\"canonical\" href=\"https:\/\/marketplacesummit.hu\/en\/webinar-adlogic-koszono\/\" \/>\n<meta property=\"og:locale\" content=\"en_GB\" \/>\n<meta property=\"og:type\" content=\"article\" \/>\n<meta property=\"og:title\" content=\"Webinar Adlogic - K\u00f6sz\u00f6n\u0151 - Marketplace &amp; Cross- Border Summit Budapest\" \/>\n<meta property=\"og:description\" content=\"Gratul\u00e1lunk a d\u00f6nt\u00e9sedhez, te m\u00e1r bebiztos\u00edtottad a helyed az ingyenes el\u0151ad\u00e1sra Venk L\u00e1szl\u00f3val! Perceken bel\u00fcl kapnod kell egy levelet a info@marketplacesummit.hu c\u00edmr\u0151l, benne a legf\u0151bb inform\u00e1ci\u00f3kkal! Ha 10 percen bel\u00fcl nem kapod meg, akkor k\u00e9rlek \u00edrj nek\u00fcnk \u00fczenetet. Ne hagyd ki! T\u00e9nyleg ott kell lenned a webin\u00e1ron \u2013 azt is elmondom, mi\u00e9rt! A regisztr\u00e1ci\u00f3 m\u00e9g...\" \/>\n<meta property=\"og:url\" content=\"https:\/\/marketplacesummit.hu\/en\/webinar-adlogic-koszono\/\" \/>\n<meta property=\"og:site_name\" content=\"Marketplace &amp; Cross- Border Summit Budapest\" \/>\n<meta property=\"article:modified_time\" content=\"2025-01-20T15:57:14+00:00\" \/>\n<meta property=\"og:image\" content=\"https:\/\/marketplacesummit.hu\/wp-content\/uploads\/webinar.png\" \/>\n\t<meta property=\"og:image:width\" content=\"1000\" \/>\n\t<meta property=\"og:image:height\" content=\"1000\" \/>\n\t<meta property=\"og:image:type\" content=\"image\/png\" \/>\n<meta name=\"twitter:card\" content=\"summary_large_image\" \/>\n<meta name=\"twitter:label1\" content=\"Estimated reading time\" \/>\n\t<meta name=\"twitter:data1\" content=\"2 minutes\" \/>\n<script type=\"application\/ld+json\" class=\"yoast-schema-graph\">{\"@context\":\"https:\/\/schema.org\",\"@graph\":[{\"@type\":\"WebPage\",\"@id\":\"https:\/\/marketplacesummit.hu\/webinar-adlogic-koszono\/\",\"url\":\"https:\/\/marketplacesummit.hu\/webinar-adlogic-koszono\/\",\"name\":\"Webinar Adlogic - K\u00f6sz\u00f6n\u0151 - Marketplace &amp; Cross- Border Summit Budapest\",\"isPartOf\":{\"@id\":\"https:\/\/marketplacesummit.hu\/#website\"},\"primaryImageOfPage\":{\"@id\":\"https:\/\/marketplacesummit.hu\/webinar-adlogic-koszono\/#primaryimage\"},\"image\":{\"@id\":\"https:\/\/marketplacesummit.hu\/webinar-adlogic-koszono\/#primaryimage\"},\"thumbnailUrl\":\"https:\/\/marketplacesummit.hu\/wp-content\/uploads\/webinar.png\",\"datePublished\":\"2025-01-20T15:54:56+00:00\",\"dateModified\":\"2025-01-20T15:57:14+00:00\",\"breadcrumb\":{\"@id\":\"https:\/\/marketplacesummit.hu\/webinar-adlogic-koszono\/#breadcrumb\"},\"inLanguage\":\"en-GB\",\"potentialAction\":[{\"@type\":\"ReadAction\",\"target\":[\"https:\/\/marketplacesummit.hu\/webinar-adlogic-koszono\/\"]}]},{\"@type\":\"ImageObject\",\"inLanguage\":\"en-GB\",\"@id\":\"https:\/\/marketplacesummit.hu\/webinar-adlogic-koszono\/#primaryimage\",\"url\":\"https:\/\/marketplacesummit.hu\/wp-content\/uploads\/webinar.png\",\"contentUrl\":\"https:\/\/marketplacesummit.hu\/wp-content\/uploads\/webinar.png\"},{\"@type\":\"BreadcrumbList\",\"@id\":\"https:\/\/marketplacesummit.hu\/webinar-adlogic-koszono\/#breadcrumb\",\"itemListElement\":[{\"@type\":\"ListItem\",\"position\":1,\"name\":\"Kezd\u0151lap\",\"item\":\"https:\/\/marketplacesummit.hu\/\"},{\"@type\":\"ListItem\",\"position\":2,\"name\":\"Webinar Adlogic &#8211; K\u00f6sz\u00f6n\u0151\"}]},{\"@type\":\"WebSite\",\"@id\":\"https:\/\/marketplacesummit.hu\/#website\",\"url\":\"https:\/\/marketplacesummit.hu\/\",\"name\":\"Marketplace &amp; Cross- Border Summit Budapest\",\"description\":\"Magyarorsz\u00e1g legels\u0151 marketplace f\u00f3kusz\u00fa konferenci\u00e1ja\",\"potentialAction\":[{\"@type\":\"SearchAction\",\"target\":{\"@type\":\"EntryPoint\",\"urlTemplate\":\"https:\/\/marketplacesummit.hu\/?s={search_term_string}\"},\"query-input\":{\"@type\":\"PropertyValueSpecification\",\"valueRequired\":true,\"valueName\":\"search_term_string\"}}],\"inLanguage\":\"en-GB\"}]}<\/script>\n<!-- \/ Yoast SEO plugin. -->","yoast_head_json":{"title":"Webinar Adlogic - K\u00f6sz\u00f6n\u0151 - Marketplace &amp; Cross- Border Summit Budapest","robots":{"index":"index","follow":"follow","max-snippet":"max-snippet:-1","max-image-preview":"max-image-preview:large","max-video-preview":"max-video-preview:-1"},"canonical":"https:\/\/marketplacesummit.hu\/en\/webinar-adlogic-koszono\/","og_locale":"en_GB","og_type":"article","og_title":"Webinar Adlogic - K\u00f6sz\u00f6n\u0151 - Marketplace &amp; Cross- Border Summit Budapest","og_description":"Gratul\u00e1lunk a d\u00f6nt\u00e9sedhez, te m\u00e1r bebiztos\u00edtottad a helyed az ingyenes el\u0151ad\u00e1sra Venk L\u00e1szl\u00f3val! Perceken bel\u00fcl kapnod kell egy levelet a info@marketplacesummit.hu c\u00edmr\u0151l, benne a legf\u0151bb inform\u00e1ci\u00f3kkal! Ha 10 percen bel\u00fcl nem kapod meg, akkor k\u00e9rlek \u00edrj nek\u00fcnk \u00fczenetet. Ne hagyd ki! T\u00e9nyleg ott kell lenned a webin\u00e1ron \u2013 azt is elmondom, mi\u00e9rt! A regisztr\u00e1ci\u00f3 m\u00e9g...","og_url":"https:\/\/marketplacesummit.hu\/en\/webinar-adlogic-koszono\/","og_site_name":"Marketplace &amp; Cross- Border Summit Budapest","article_modified_time":"2025-01-20T15:57:14+00:00","og_image":[{"width":1000,"height":1000,"url":"https:\/\/marketplacesummit.hu\/wp-content\/uploads\/webinar.png","type":"image\/png"}],"twitter_card":"summary_large_image","twitter_misc":{"Estimated reading time":"2 minutes"},"schema":{"@context":"https:\/\/schema.org","@graph":[{"@type":"WebPage","@id":"https:\/\/marketplacesummit.hu\/webinar-adlogic-koszono\/","url":"https:\/\/marketplacesummit.hu\/webinar-adlogic-koszono\/","name":"Webinar Adlogic - K\u00f6sz\u00f6n\u0151 - Marketplace &amp; Cross- Border Summit Budapest","isPartOf":{"@id":"https:\/\/marketplacesummit.hu\/#website"},"primaryImageOfPage":{"@id":"https:\/\/marketplacesummit.hu\/webinar-adlogic-koszono\/#primaryimage"},"image":{"@id":"https:\/\/marketplacesummit.hu\/webinar-adlogic-koszono\/#primaryimage"},"thumbnailUrl":"https:\/\/marketplacesummit.hu\/wp-content\/uploads\/webinar.png","datePublished":"2025-01-20T15:54:56+00:00","dateModified":"2025-01-20T15:57:14+00:00","breadcrumb":{"@id":"https:\/\/marketplacesummit.hu\/webinar-adlogic-koszono\/#breadcrumb"},"inLanguage":"en-GB","potentialAction":[{"@type":"ReadAction","target":["https:\/\/marketplacesummit.hu\/webinar-adlogic-koszono\/"]}]},{"@type":"ImageObject","inLanguage":"en-GB","@id":"https:\/\/marketplacesummit.hu\/webinar-adlogic-koszono\/#primaryimage","url":"https:\/\/marketplacesummit.hu\/wp-content\/uploads\/webinar.png","contentUrl":"https:\/\/marketplacesummit.hu\/wp-content\/uploads\/webinar.png"},{"@type":"BreadcrumbList","@id":"https:\/\/marketplacesummit.hu\/webinar-adlogic-koszono\/#breadcrumb","itemListElement":[{"@type":"ListItem","position":1,"name":"Kezd\u0151lap","item":"https:\/\/marketplacesummit.hu\/"},{"@type":"ListItem","position":2,"name":"Webinar Adlogic &#8211; K\u00f6sz\u00f6n\u0151"}]},{"@type":"WebSite","@id":"https:\/\/marketplacesummit.hu\/#website","url":"https:\/\/marketplacesummit.hu\/","name":"Marketplace &amp; Cross- Border Summit Budapest","description":"Magyarorsz\u00e1g legels\u0151 marketplace f\u00f3kusz\u00fa konferenci\u00e1ja","potentialAction":[{"@type":"SearchAction","target":{"@type":"EntryPoint","urlTemplate":"https:\/\/marketplacesummit.hu\/?s={search_term_string}"},"query-input":{"@type":"PropertyValueSpecification","valueRequired":true,"valueName":"search_term_string"}}],"inLanguage":"en-GB"}]}},"_links":{"self":[{"href":"https:\/\/marketplacesummit.hu\/en\/wp-json\/wp\/v2\/pages\/8401","targetHints":{"allow":["GET"]}}],"collection":[{"href":"https:\/\/marketplacesummit.hu\/en\/wp-json\/wp\/v2\/pages"}],"about":[{"href":"https:\/\/marketplacesummit.hu\/en\/wp-json\/wp\/v2\/types\/page"}],"author":[{"embeddable":true,"href":"https:\/\/marketplacesummit.hu\/en\/wp-json\/wp\/v2\/users\/3"}],"replies":[{"embeddable":true,"href":"https:\/\/marketplacesummit.hu\/en\/wp-json\/wp\/v2\/comments?post=8401"}],"version-history":[{"count":4,"href":"https:\/\/marketplacesummit.hu\/en\/wp-json\/wp\/v2\/pages\/8401\/revisions"}],"predecessor-version":[{"id":8405,"href":"https:\/\/marketplacesummit.hu\/en\/wp-json\/wp\/v2\/pages\/8401\/revisions\/8405"}],"wp:attachment":[{"href":"https:\/\/marketplacesummit.hu\/en\/wp-json\/wp\/v2\/media?parent=8401"}],"curies":[{"name":"wp","href":"https:\/\/api.w.org\/{rel}","templated":true}]}}