{"id":8535,"date":"2025-01-24T16:26:46","date_gmt":"2025-01-24T15:26:46","guid":{"rendered":"https:\/\/marketplacesummit.hu\/?page_id=8535"},"modified":"2025-01-24T16:27:05","modified_gmt":"2025-01-24T15:27:05","slug":"david-vakles","status":"publish","type":"page","link":"https:\/\/marketplacesummit.hu\/en\/feed-klinika-foglalas\/david-vakles\/","title":{"rendered":"David Vakle\u0161 \/ FEED klinika foglal\u00e1s"},"content":{"rendered":"<div data-elementor-type=\"wp-page\" data-elementor-id=\"8535\" class=\"elementor elementor-8535\">\n\t\t\t\t\t\t<section class=\"elementor-section elementor-top-section elementor-element elementor-element-1b4ca23 elementor-section-boxed elementor-section-height-default elementor-section-height-default\" data-id=\"1b4ca23\" data-element_type=\"section\">\n\t\t\t\t\t\t<div class=\"elementor-container elementor-column-gap-default\">\n\t\t\t\t\t<div class=\"elementor-column elementor-col-100 elementor-top-column elementor-element elementor-element-054568f\" data-id=\"054568f\" data-element_type=\"column\">\n\t\t\t<div class=\"elementor-widget-wrap elementor-element-populated\">\n\t\t\t\t\t\t<div class=\"elementor-element elementor-element-8b456e1 elementor-widget elementor-widget-image\" data-id=\"8b456e1\" data-element_type=\"widget\" data-widget_type=\"image.default\">\n\t\t\t\t<div class=\"elementor-widget-container\">\n\t\t\t\t\t\t\t\t\t\t\t\t\t<img fetchpriority=\"high\" decoding=\"async\" width=\"2000\" height=\"650\" src=\"https:\/\/marketplacesummit.hu\/wp-content\/uploads\/marketplace-summit-logo-v3-fekete-gradient-svg.svg\" class=\"attachment-full size-full wp-image-6655\" alt=\"\" \/>\t\t\t\t\t\t\t\t\t\t\t\t\t<\/div>\n\t\t\t\t<\/div>\n\t\t\t\t\t<\/div>\n\t\t<\/div>\n\t\t\t\t\t<\/div>\n\t\t<\/section>\n\t\t\t\t<section class=\"elementor-section elementor-top-section elementor-element elementor-element-61d00bf elementor-section-boxed elementor-section-height-default elementor-section-height-default\" data-id=\"61d00bf\" data-element_type=\"section\">\n\t\t\t\t\t\t<div class=\"elementor-container elementor-column-gap-default\">\n\t\t\t\t\t<div class=\"elementor-column elementor-col-100 elementor-top-column elementor-element elementor-element-67a2b28\" data-id=\"67a2b28\" data-element_type=\"column\">\n\t\t\t<div class=\"elementor-widget-wrap elementor-element-populated\">\n\t\t\t\t\t\t<div class=\"elementor-element elementor-element-7b03397 elementor-align-center elementor-widget elementor-widget-rt-title\" data-id=\"7b03397\" data-element_type=\"widget\" data-widget_type=\"rt-title.default\">\n\t\t\t\t<div class=\"elementor-widget-container\">\n\t\t\t<div class=\"section-heading style-two\">\n\t<h2  class=\"heading-title\">FEED CLINIC BOOKING<\/h2>        \t\t<span class=\"line\"><\/span>\n\t<\/div>\t\t<\/div>\n\t\t\t\t<\/div>\n\t\t\t\t\t<\/div>\n\t\t<\/div>\n\t\t\t\t\t<\/div>\n\t\t<\/section>\n\t\t\t\t<section class=\"elementor-section elementor-top-section elementor-element elementor-element-846d3b3 elementor-section-boxed elementor-section-height-default elementor-section-height-default\" data-id=\"846d3b3\" data-element_type=\"section\">\n\t\t\t\t\t\t<div class=\"elementor-container elementor-column-gap-default\">\n\t\t\t\t\t<div class=\"elementor-column elementor-col-100 elementor-top-column elementor-element elementor-element-c914e1f\" data-id=\"c914e1f\" data-element_type=\"column\">\n\t\t\t<div class=\"elementor-widget-wrap elementor-element-populated\">\n\t\t\t\t\t\t<div class=\"elementor-element elementor-element-909e5e2 elementor-widget elementor-widget-ameliaeventslistbooking\" data-id=\"909e5e2\" data-element_type=\"widget\" data-widget_type=\"ameliaeventslistbooking.default\">\n\t\t\t\t<div class=\"elementor-widget-container\">\n\t\t\t<script>\n  if (typeof hasAmeliaEvent === 'undefined') {\n    var hasAmeliaEvent = true;\n  }\n  if (typeof hasEventApiCall === 'undefined' && '' === '') {\n    var hasEventApiCall = true;\n  }\n  var hasEventShortcode = (typeof hasEventShortcode === 'undefined') ? false : true;\n  var ameliaShortcodeData = (typeof ameliaShortcodeData === 'undefined') ? [] : ameliaShortcodeData;\n  ameliaShortcodeData.push(\n    {\n      'hasApiCall': (typeof hasEventApiCall !== 'undefined') && hasEventApiCall,\n      'trigger': '',\n      'trigger_type': '',\n      'triggered_form': 'elf',\n      'in_dialog': '',\n      'counter': '1000',\n      'employee': '',\n      'eventId': '',\n      'eventRecurring': 0,\n      'eventTag': \"{david-vakles}\",\n      'locationId': \"\"\n    }\n  );\n  var ameliaShortcodeDataTriggered = (typeof ameliaShortcodeDataTriggered === 'undefined') ? [] : ameliaShortcodeDataTriggered;\n  if (ameliaShortcodeData[ameliaShortcodeData.length - 1].trigger !== '') {\n    if (ameliaShortcodeDataTriggered.filter(a => a.counter === ameliaShortcodeData[ameliaShortcodeData.length - 1].counter).length === 0) {\n      ameliaShortcodeDataTriggered.push(ameliaShortcodeData.pop());\n    } else {\n      ameliaShortcodeData.pop()\n    }\n  }\n  if (typeof hasEventApiCall !== 'undefined' && hasEventApiCall) {\n    hasEventApiCall = false;\n  }\n<\/script>\n\n<div\n  id=\"amelia-v2-booking-1000\"\n  class=\"amelia-v2-booking\"\n>\n    <events-list-form-wrapper><\/div>\n\t\t<\/div>\n\t\t\t\t<\/div>\n\t\t\t\t\t<\/div>\n\t\t<\/div>\n\t\t\t\t\t<\/div>\n\t\t<\/section>\n\t\t\t\t<\/div>","protected":false},"excerpt":{"rendered":"<p>FEED CLINIC BOOKING<\/p>","protected":false},"author":3,"featured_media":0,"parent":7147,"menu_order":0,"comment_status":"closed","ping_status":"closed","template":"elementor_canvas","meta":{"footnotes":""},"class_list":["post-8535","page","type-page","status-publish","hentry"],"yoast_head":"<!-- This site is optimized with the Yoast SEO plugin v23.7 - https:\/\/yoast.com\/wordpress\/plugins\/seo\/ -->\n<title>David Vakle\u0161 \/ FEED klinika foglal\u00e1s - Marketplace &amp; Cross- Border Summit Budapest<\/title>\n<meta name=\"robots\" content=\"index, follow, max-snippet:-1, max-image-preview:large, max-video-preview:-1\" \/>\n<link rel=\"canonical\" href=\"https:\/\/marketplacesummit.hu\/en\/feed-klinika-foglalas\/david-vakles\/\" \/>\n<meta property=\"og:locale\" content=\"en_GB\" \/>\n<meta property=\"og:type\" content=\"article\" \/>\n<meta property=\"og:title\" content=\"David Vakle\u0161 \/ FEED klinika foglal\u00e1s - Marketplace &amp; Cross- Border Summit Budapest\" \/>\n<meta property=\"og:description\" content=\"FEED KLINIKA FOGLAL\u00c1S\" \/>\n<meta property=\"og:url\" content=\"https:\/\/marketplacesummit.hu\/en\/feed-klinika-foglalas\/david-vakles\/\" \/>\n<meta property=\"og:site_name\" content=\"Marketplace &amp; Cross- Border Summit Budapest\" \/>\n<meta property=\"article:modified_time\" content=\"2025-01-24T15:27:05+00:00\" \/>\n<meta name=\"twitter:card\" content=\"summary_large_image\" \/>\n<script type=\"application\/ld+json\" class=\"yoast-schema-graph\">{\"@context\":\"https:\/\/schema.org\",\"@graph\":[{\"@type\":\"WebPage\",\"@id\":\"https:\/\/marketplacesummit.hu\/feed-klinika-foglalas\/david-vakles\/\",\"url\":\"https:\/\/marketplacesummit.hu\/feed-klinika-foglalas\/david-vakles\/\",\"name\":\"David Vakle\u0161 \/ FEED klinika foglal\u00e1s - Marketplace &amp; Cross- Border Summit Budapest\",\"isPartOf\":{\"@id\":\"https:\/\/marketplacesummit.hu\/#website\"},\"primaryImageOfPage\":{\"@id\":\"https:\/\/marketplacesummit.hu\/feed-klinika-foglalas\/david-vakles\/#primaryimage\"},\"image\":{\"@id\":\"https:\/\/marketplacesummit.hu\/feed-klinika-foglalas\/david-vakles\/#primaryimage\"},\"thumbnailUrl\":\"https:\/\/marketplacesummit.hu\/wp-content\/uploads\/marketplace-summit-logo-v3-fekete-gradient-svg.svg\",\"datePublished\":\"2025-01-24T15:26:46+00:00\",\"dateModified\":\"2025-01-24T15:27:05+00:00\",\"breadcrumb\":{\"@id\":\"https:\/\/marketplacesummit.hu\/feed-klinika-foglalas\/david-vakles\/#breadcrumb\"},\"inLanguage\":\"en-GB\",\"potentialAction\":[{\"@type\":\"ReadAction\",\"target\":[\"https:\/\/marketplacesummit.hu\/feed-klinika-foglalas\/david-vakles\/\"]}]},{\"@type\":\"ImageObject\",\"inLanguage\":\"en-GB\",\"@id\":\"https:\/\/marketplacesummit.hu\/feed-klinika-foglalas\/david-vakles\/#primaryimage\",\"url\":\"https:\/\/marketplacesummit.hu\/wp-content\/uploads\/marketplace-summit-logo-v3-fekete-gradient-svg.svg\",\"contentUrl\":\"https:\/\/marketplacesummit.hu\/wp-content\/uploads\/marketplace-summit-logo-v3-fekete-gradient-svg.svg\"},{\"@type\":\"BreadcrumbList\",\"@id\":\"https:\/\/marketplacesummit.hu\/feed-klinika-foglalas\/david-vakles\/#breadcrumb\",\"itemListElement\":[{\"@type\":\"ListItem\",\"position\":1,\"name\":\"Kezd\u0151lap\",\"item\":\"https:\/\/marketplacesummit.hu\/\"},{\"@type\":\"ListItem\",\"position\":2,\"name\":\"FEED klinika foglal\u00e1s\",\"item\":\"https:\/\/marketplacesummit.hu\/feed-klinika-foglalas\/\"},{\"@type\":\"ListItem\",\"position\":3,\"name\":\"David Vakle\u0161 \/ FEED klinika foglal\u00e1s\"}]},{\"@type\":\"WebSite\",\"@id\":\"https:\/\/marketplacesummit.hu\/#website\",\"url\":\"https:\/\/marketplacesummit.hu\/\",\"name\":\"Marketplace &amp; Cross- Border Summit Budapest\",\"description\":\"Magyarorsz\u00e1g legels\u0151 marketplace f\u00f3kusz\u00fa konferenci\u00e1ja\",\"potentialAction\":[{\"@type\":\"SearchAction\",\"target\":{\"@type\":\"EntryPoint\",\"urlTemplate\":\"https:\/\/marketplacesummit.hu\/?s={search_term_string}\"},\"query-input\":{\"@type\":\"PropertyValueSpecification\",\"valueRequired\":true,\"valueName\":\"search_term_string\"}}],\"inLanguage\":\"en-GB\"}]}<\/script>\n<!-- \/ Yoast SEO plugin. -->","yoast_head_json":{"title":"David Vakle\u0161 \/ FEED klinika foglal\u00e1s - Marketplace &amp; Cross- Border Summit Budapest","robots":{"index":"index","follow":"follow","max-snippet":"max-snippet:-1","max-image-preview":"max-image-preview:large","max-video-preview":"max-video-preview:-1"},"canonical":"https:\/\/marketplacesummit.hu\/en\/feed-klinika-foglalas\/david-vakles\/","og_locale":"en_GB","og_type":"article","og_title":"David Vakle\u0161 \/ FEED klinika foglal\u00e1s - Marketplace &amp; Cross- Border Summit Budapest","og_description":"FEED KLINIKA FOGLAL\u00c1S","og_url":"https:\/\/marketplacesummit.hu\/en\/feed-klinika-foglalas\/david-vakles\/","og_site_name":"Marketplace &amp; Cross- Border Summit Budapest","article_modified_time":"2025-01-24T15:27:05+00:00","twitter_card":"summary_large_image","schema":{"@context":"https:\/\/schema.org","@graph":[{"@type":"WebPage","@id":"https:\/\/marketplacesummit.hu\/feed-klinika-foglalas\/david-vakles\/","url":"https:\/\/marketplacesummit.hu\/feed-klinika-foglalas\/david-vakles\/","name":"David Vakle\u0161 \/ FEED klinika foglal\u00e1s - Marketplace &amp; Cross- Border Summit Budapest","isPartOf":{"@id":"https:\/\/marketplacesummit.hu\/#website"},"primaryImageOfPage":{"@id":"https:\/\/marketplacesummit.hu\/feed-klinika-foglalas\/david-vakles\/#primaryimage"},"image":{"@id":"https:\/\/marketplacesummit.hu\/feed-klinika-foglalas\/david-vakles\/#primaryimage"},"thumbnailUrl":"https:\/\/marketplacesummit.hu\/wp-content\/uploads\/marketplace-summit-logo-v3-fekete-gradient-svg.svg","datePublished":"2025-01-24T15:26:46+00:00","dateModified":"2025-01-24T15:27:05+00:00","breadcrumb":{"@id":"https:\/\/marketplacesummit.hu\/feed-klinika-foglalas\/david-vakles\/#breadcrumb"},"inLanguage":"en-GB","potentialAction":[{"@type":"ReadAction","target":["https:\/\/marketplacesummit.hu\/feed-klinika-foglalas\/david-vakles\/"]}]},{"@type":"ImageObject","inLanguage":"en-GB","@id":"https:\/\/marketplacesummit.hu\/feed-klinika-foglalas\/david-vakles\/#primaryimage","url":"https:\/\/marketplacesummit.hu\/wp-content\/uploads\/marketplace-summit-logo-v3-fekete-gradient-svg.svg","contentUrl":"https:\/\/marketplacesummit.hu\/wp-content\/uploads\/marketplace-summit-logo-v3-fekete-gradient-svg.svg"},{"@type":"BreadcrumbList","@id":"https:\/\/marketplacesummit.hu\/feed-klinika-foglalas\/david-vakles\/#breadcrumb","itemListElement":[{"@type":"ListItem","position":1,"name":"Kezd\u0151lap","item":"https:\/\/marketplacesummit.hu\/"},{"@type":"ListItem","position":2,"name":"FEED klinika foglal\u00e1s","item":"https:\/\/marketplacesummit.hu\/feed-klinika-foglalas\/"},{"@type":"ListItem","position":3,"name":"David Vakle\u0161 \/ FEED klinika foglal\u00e1s"}]},{"@type":"WebSite","@id":"https:\/\/marketplacesummit.hu\/#website","url":"https:\/\/marketplacesummit.hu\/","name":"Marketplace &amp; Cross- Border Summit Budapest","description":"Magyarorsz\u00e1g legels\u0151 marketplace f\u00f3kusz\u00fa konferenci\u00e1ja","potentialAction":[{"@type":"SearchAction","target":{"@type":"EntryPoint","urlTemplate":"https:\/\/marketplacesummit.hu\/?s={search_term_string}"},"query-input":{"@type":"PropertyValueSpecification","valueRequired":true,"valueName":"search_term_string"}}],"inLanguage":"en-GB"}]}},"_links":{"self":[{"href":"https:\/\/marketplacesummit.hu\/en\/wp-json\/wp\/v2\/pages\/8535","targetHints":{"allow":["GET"]}}],"collection":[{"href":"https:\/\/marketplacesummit.hu\/en\/wp-json\/wp\/v2\/pages"}],"about":[{"href":"https:\/\/marketplacesummit.hu\/en\/wp-json\/wp\/v2\/types\/page"}],"author":[{"embeddable":true,"href":"https:\/\/marketplacesummit.hu\/en\/wp-json\/wp\/v2\/users\/3"}],"replies":[{"embeddable":true,"href":"https:\/\/marketplacesummit.hu\/en\/wp-json\/wp\/v2\/comments?post=8535"}],"version-history":[{"count":4,"href":"https:\/\/marketplacesummit.hu\/en\/wp-json\/wp\/v2\/pages\/8535\/revisions"}],"predecessor-version":[{"id":8539,"href":"https:\/\/marketplacesummit.hu\/en\/wp-json\/wp\/v2\/pages\/8535\/revisions\/8539"}],"up":[{"embeddable":true,"href":"https:\/\/marketplacesummit.hu\/en\/wp-json\/wp\/v2\/pages\/7147"}],"wp:attachment":[{"href":"https:\/\/marketplacesummit.hu\/en\/wp-json\/wp\/v2\/media?parent=8535"}],"curies":[{"name":"wp","href":"https:\/\/api.w.org\/{rel}","templated":true}]}}