{"id":9280,"date":"2025-12-13T17:52:09","date_gmt":"2025-12-13T16:52:09","guid":{"rendered":"https:\/\/marketplacesummit.hu\/?page_id=9280"},"modified":"2025-12-15T10:57:57","modified_gmt":"2025-12-15T09:57:57","slug":"nyeremenyjatek-szabalyzat","status":"publish","type":"page","link":"https:\/\/marketplacesummit.hu\/en\/nyeremenyjatek-szabalyzat\/","title":{"rendered":"Nyerem\u00e9nyj\u00e1t\u00e9k szab\u00e1lyzat"},"content":{"rendered":"<div data-elementor-type=\"wp-page\" data-elementor-id=\"9280\" class=\"elementor elementor-9280\">\n\t\t\t\t\t\t<section class=\"elementor-section elementor-top-section elementor-element elementor-element-9a0bd93 elementor-section-boxed elementor-section-height-default elementor-section-height-default\" data-id=\"9a0bd93\" data-element_type=\"section\">\n\t\t\t\t\t\t<div class=\"elementor-container elementor-column-gap-default\">\n\t\t\t\t\t<div class=\"elementor-column elementor-col-100 elementor-top-column elementor-element elementor-element-070644f\" data-id=\"070644f\" data-element_type=\"column\">\n\t\t\t<div class=\"elementor-widget-wrap elementor-element-populated\">\n\t\t\t\t\t\t<div class=\"elementor-element elementor-element-ebc4aeb elementor-widget elementor-widget-text-editor\" data-id=\"ebc4aeb\" data-element_type=\"widget\" data-widget_type=\"text-editor.default\">\n\t\t\t\t<div class=\"elementor-widget-container\">\n\t\t\t\t\t\t\t<p><strong>Nyerem\u00e9nyj\u00e1t\u00e9k szab\u00e1lyzat<\/strong><\/p><p>Marketplace &amp; Cross-Border Summit 2026 \u2013 Dupla Early Bird kar\u00e1csonyi nyerem\u00e9nyj\u00e1t\u00e9k<\/p><p>1. A nyerem\u00e9nyj\u00e1t\u00e9k szervez\u0151je<\/p><p>A nyerem\u00e9nyj\u00e1t\u00e9k szervez\u0151je a Marketplace &amp; Cross-Border Summit 2026 (a tov\u00e1bbiakban: Szervez\u0151).<\/p><p>2. A nyerem\u00e9nyj\u00e1t\u00e9k id\u0151tartama<\/p><p>A nyerem\u00e9nyj\u00e1t\u00e9k 2025. december 12.10:00 \u00f3r\u00e1t\u00f3l 2025. december 23. 23:59 \u00f3r\u00e1ig tart.<\/p><p>3. A nyerem\u00e9nyj\u00e1t\u00e9kban val\u00f3 r\u00e9szv\u00e9tel felt\u00e9telei<\/p><p>3.1. A nyerem\u00e9nyj\u00e1t\u00e9kban automatikusan r\u00e9szt vesz minden term\u00e9szetes szem\u00e9ly, aki a nyerem\u00e9nyj\u00e1t\u00e9k id\u0151tartama alatt megv\u00e1s\u00e1rolja a Dupla Early Bird jegyet (2 f\u0151 r\u00e9sz\u00e9re sz\u00f3l\u00f3 bel\u00e9p\u0151) a Marketplace &amp; Cross-Border Summit 2026 konferenci\u00e1ra.<\/p><p>3.2. A nyerem\u00e9nyj\u00e1t\u00e9kban val\u00f3 r\u00e9szv\u00e9tel k\u00fcl\u00f6n regisztr\u00e1ci\u00f3hoz nem k\u00f6t\u00f6tt. A jegy megv\u00e1s\u00e1rl\u00e1s\u00e1val a v\u00e1s\u00e1rl\u00f3 elfogadja jelen nyerem\u00e9nyj\u00e1t\u00e9k-szab\u00e1lyzatot.<\/p><p>3.3. A nyerem\u00e9nyj\u00e1t\u00e9kban nem vehetnek r\u00e9szt a Szervez\u0151 munkav\u00e1llal\u00f3i, valamint a nyerem\u00e9nyj\u00e1t\u00e9k lebonyol\u00edt\u00e1s\u00e1ban k\u00f6zvetlen\u00fcl k\u00f6zrem\u0171k\u00f6d\u0151 szem\u00e9lyek \u00e9s azok k\u00f6zeli hozz\u00e1tartoz\u00f3i.<\/p><p>4. A nyerem\u00e9ny<\/p><p>4.1. A nyerem\u00e9ny nyertesenk\u00e9nt 2 db bel\u00e9p\u0151jegy a<br \/>Marketplace Connect \u2013 Meet &amp; Mingle esem\u00e9nyre.<\/p><p>4.2. A nyerem\u00e9ny k\u00e9szp\u00e9nzre nem v\u00e1lthat\u00f3, m\u00e1s nyerem\u00e9nyre nem cser\u00e9lhet\u0151, \u00e9s harmadik szem\u00e9lyre nem ruh\u00e1zhat\u00f3 \u00e1t.<\/p><p>5. A sorsol\u00e1s<\/p><p>5.1. A sorsol\u00e1s id\u0151pontja: 2026. janu\u00e1r 5.<\/p><p>5.2. A sorsol\u00e1s a Szervez\u0151 sz\u00e9khely\u00e9n, elektronikus sorsol\u00e1s \u00fatj\u00e1n t\u00f6rt\u00e9nik.<\/p><p>5.3. A nyertesek sz\u00e1ma: 2 f\u0151.<\/p><p>6. Nyertesek \u00e9rtes\u00edt\u00e9se<\/p><p>6.1. A Szervez\u0151 a nyerteseket a jegyv\u00e1s\u00e1rl\u00e1s sor\u00e1n megadott e-mail c\u00edmen \u00e9rtes\u00edti.<\/p><p>6.2. Amennyiben a nyertes az \u00e9rtes\u00edt\u00e9st k\u00f6vet\u0151en 5 munkanapon bel\u00fcl nem reag\u00e1l, a Szervez\u0151 jogosult p\u00f3tnyertest sorsolni.<\/p><p>7. Adatkezel\u00e9s<\/p><p>7.1. A nyerem\u00e9nyj\u00e1t\u00e9k sor\u00e1n megadott szem\u00e9lyes adatokat a Szervez\u0151 kiz\u00e1r\u00f3lag a nyerem\u00e9nyj\u00e1t\u00e9k lebonyol\u00edt\u00e1sa \u00e9s a nyertesek \u00e9rtes\u00edt\u00e9se c\u00e9lj\u00e1b\u00f3l kezeli.<\/p><p>7.2. Az adatkezel\u00e9sre a Szervez\u0151 mindenkor hat\u00e1lyos adatkezel\u00e9si t\u00e1j\u00e9koztat\u00f3ja ir\u00e1nyad\u00f3.<\/p><p>8. Felel\u0151ss\u00e9g<\/p><p>A Szervez\u0151 nem v\u00e1llal felel\u0151ss\u00e9get a nyerem\u00e9nyj\u00e1t\u00e9kban val\u00f3 r\u00e9szv\u00e9telb\u0151l ered\u0151 technikai probl\u00e9m\u00e1k\u00e9rt, k\u00fcl\u00f6n\u00f6sen az e-mail k\u00e9zbes\u00edt\u00e9s\u00e9nek elmarad\u00e1s\u00e1\u00e9rt.<\/p><p>9. Egy\u00e9b rendelkez\u00e9sek<\/p><p>9.1. A Szervez\u0151 fenntartja a jogot a nyerem\u00e9nyj\u00e1t\u00e9k szab\u00e1lyainak indokolt esetben t\u00f6rt\u00e9n\u0151 m\u00f3dos\u00edt\u00e1s\u00e1ra vagy a nyerem\u00e9nyj\u00e1t\u00e9k megsz\u00fcntet\u00e9s\u00e9re.<\/p><p>9.2. A nyerem\u00e9nyj\u00e1t\u00e9kban val\u00f3 r\u00e9szv\u00e9tel \u00f6nk\u00e9ntes, a r\u00e9szv\u00e9tel a jelen szab\u00e1lyzat teljes k\u00f6r\u0171 elfogad\u00e1s\u00e1t jelenti.<\/p>\t\t\t\t\t\t<\/div>\n\t\t\t\t<\/div>\n\t\t\t\t\t<\/div>\n\t\t<\/div>\n\t\t\t\t\t<\/div>\n\t\t<\/section>\n\t\t\t\t<\/div>","protected":false},"excerpt":{"rendered":"<p>Nyerem\u00e9nyj\u00e1t\u00e9k szab\u00e1lyzat Marketplace &amp; Cross-Border Summit 2026 \u2013 Dupla Early Bird kar\u00e1csonyi nyerem\u00e9nyj\u00e1t\u00e9k 1. A nyerem\u00e9nyj\u00e1t\u00e9k szervez\u0151je A nyerem\u00e9nyj\u00e1t\u00e9k szervez\u0151je a Marketplace &amp; Cross-Border Summit 2026 (a tov\u00e1bbiakban: Szervez\u0151). 2. A nyerem\u00e9nyj\u00e1t\u00e9k id\u0151tartama A nyerem\u00e9nyj\u00e1t\u00e9k 2025. december 12.10:00 \u00f3r\u00e1t\u00f3l 2025. december 23. 23:59 \u00f3r\u00e1ig tart. 3. A nyerem\u00e9nyj\u00e1t\u00e9kban val\u00f3 r\u00e9szv\u00e9tel felt\u00e9telei 3.1. A nyerem\u00e9nyj\u00e1t\u00e9kban automatikusan&#8230;<\/p>","protected":false},"author":3,"featured_media":0,"parent":0,"menu_order":0,"comment_status":"closed","ping_status":"closed","template":"elementor_header_footer","meta":{"footnotes":""},"class_list":["post-9280","page","type-page","status-publish","hentry"],"yoast_head":"<!-- This site is optimized with the Yoast SEO plugin v23.7 - https:\/\/yoast.com\/wordpress\/plugins\/seo\/ -->\n<title>Nyerem\u00e9nyj\u00e1t\u00e9k szab\u00e1lyzat - Marketplace &amp; Cross- Border Summit Budapest<\/title>\n<meta name=\"robots\" content=\"index, follow, max-snippet:-1, max-image-preview:large, max-video-preview:-1\" \/>\n<link rel=\"canonical\" href=\"https:\/\/marketplacesummit.hu\/en\/nyeremenyjatek-szabalyzat\/\" \/>\n<meta property=\"og:locale\" content=\"en_GB\" \/>\n<meta property=\"og:type\" content=\"article\" \/>\n<meta property=\"og:title\" content=\"Nyerem\u00e9nyj\u00e1t\u00e9k szab\u00e1lyzat - Marketplace &amp; Cross- Border Summit Budapest\" \/>\n<meta property=\"og:description\" content=\"Nyerem\u00e9nyj\u00e1t\u00e9k szab\u00e1lyzat Marketplace &amp; Cross-Border Summit 2026 \u2013 Dupla Early Bird kar\u00e1csonyi nyerem\u00e9nyj\u00e1t\u00e9k 1. A nyerem\u00e9nyj\u00e1t\u00e9k szervez\u0151je A nyerem\u00e9nyj\u00e1t\u00e9k szervez\u0151je a Marketplace &amp; Cross-Border Summit 2026 (a tov\u00e1bbiakban: Szervez\u0151). 2. A nyerem\u00e9nyj\u00e1t\u00e9k id\u0151tartama A nyerem\u00e9nyj\u00e1t\u00e9k 2025. december 12.10:00 \u00f3r\u00e1t\u00f3l 2025. december 23. 23:59 \u00f3r\u00e1ig tart. 3. A nyerem\u00e9nyj\u00e1t\u00e9kban val\u00f3 r\u00e9szv\u00e9tel felt\u00e9telei 3.1. A nyerem\u00e9nyj\u00e1t\u00e9kban automatikusan...\" \/>\n<meta property=\"og:url\" content=\"https:\/\/marketplacesummit.hu\/en\/nyeremenyjatek-szabalyzat\/\" \/>\n<meta property=\"og:site_name\" content=\"Marketplace &amp; Cross- Border Summit Budapest\" \/>\n<meta property=\"article:modified_time\" content=\"2025-12-15T09:57:57+00:00\" \/>\n<meta name=\"twitter:card\" content=\"summary_large_image\" \/>\n<meta name=\"twitter:label1\" content=\"Estimated reading time\" \/>\n\t<meta name=\"twitter:data1\" content=\"2 minutes\" \/>\n<script type=\"application\/ld+json\" class=\"yoast-schema-graph\">{\"@context\":\"https:\/\/schema.org\",\"@graph\":[{\"@type\":\"WebPage\",\"@id\":\"https:\/\/marketplacesummit.hu\/nyeremenyjatek-szabalyzat\/\",\"url\":\"https:\/\/marketplacesummit.hu\/nyeremenyjatek-szabalyzat\/\",\"name\":\"Nyerem\u00e9nyj\u00e1t\u00e9k szab\u00e1lyzat - Marketplace &amp; Cross- Border Summit Budapest\",\"isPartOf\":{\"@id\":\"https:\/\/marketplacesummit.hu\/#website\"},\"datePublished\":\"2025-12-13T16:52:09+00:00\",\"dateModified\":\"2025-12-15T09:57:57+00:00\",\"breadcrumb\":{\"@id\":\"https:\/\/marketplacesummit.hu\/nyeremenyjatek-szabalyzat\/#breadcrumb\"},\"inLanguage\":\"en-GB\",\"potentialAction\":[{\"@type\":\"ReadAction\",\"target\":[\"https:\/\/marketplacesummit.hu\/nyeremenyjatek-szabalyzat\/\"]}]},{\"@type\":\"BreadcrumbList\",\"@id\":\"https:\/\/marketplacesummit.hu\/nyeremenyjatek-szabalyzat\/#breadcrumb\",\"itemListElement\":[{\"@type\":\"ListItem\",\"position\":1,\"name\":\"Kezd\u0151lap\",\"item\":\"https:\/\/marketplacesummit.hu\/\"},{\"@type\":\"ListItem\",\"position\":2,\"name\":\"Nyerem\u00e9nyj\u00e1t\u00e9k szab\u00e1lyzat\"}]},{\"@type\":\"WebSite\",\"@id\":\"https:\/\/marketplacesummit.hu\/#website\",\"url\":\"https:\/\/marketplacesummit.hu\/\",\"name\":\"Marketplace &amp; Cross- Border Summit Budapest\",\"description\":\"Magyarorsz\u00e1g legels\u0151 marketplace f\u00f3kusz\u00fa konferenci\u00e1ja\",\"potentialAction\":[{\"@type\":\"SearchAction\",\"target\":{\"@type\":\"EntryPoint\",\"urlTemplate\":\"https:\/\/marketplacesummit.hu\/?s={search_term_string}\"},\"query-input\":{\"@type\":\"PropertyValueSpecification\",\"valueRequired\":true,\"valueName\":\"search_term_string\"}}],\"inLanguage\":\"en-GB\"}]}<\/script>\n<!-- \/ Yoast SEO plugin. -->","yoast_head_json":{"title":"Nyerem\u00e9nyj\u00e1t\u00e9k szab\u00e1lyzat - Marketplace &amp; Cross- Border Summit Budapest","robots":{"index":"index","follow":"follow","max-snippet":"max-snippet:-1","max-image-preview":"max-image-preview:large","max-video-preview":"max-video-preview:-1"},"canonical":"https:\/\/marketplacesummit.hu\/en\/nyeremenyjatek-szabalyzat\/","og_locale":"en_GB","og_type":"article","og_title":"Nyerem\u00e9nyj\u00e1t\u00e9k szab\u00e1lyzat - Marketplace &amp; Cross- Border Summit Budapest","og_description":"Nyerem\u00e9nyj\u00e1t\u00e9k szab\u00e1lyzat Marketplace &amp; Cross-Border Summit 2026 \u2013 Dupla Early Bird kar\u00e1csonyi nyerem\u00e9nyj\u00e1t\u00e9k 1. A nyerem\u00e9nyj\u00e1t\u00e9k szervez\u0151je A nyerem\u00e9nyj\u00e1t\u00e9k szervez\u0151je a Marketplace &amp; Cross-Border Summit 2026 (a tov\u00e1bbiakban: Szervez\u0151). 2. A nyerem\u00e9nyj\u00e1t\u00e9k id\u0151tartama A nyerem\u00e9nyj\u00e1t\u00e9k 2025. december 12.10:00 \u00f3r\u00e1t\u00f3l 2025. december 23. 23:59 \u00f3r\u00e1ig tart. 3. A nyerem\u00e9nyj\u00e1t\u00e9kban val\u00f3 r\u00e9szv\u00e9tel felt\u00e9telei 3.1. A nyerem\u00e9nyj\u00e1t\u00e9kban automatikusan...","og_url":"https:\/\/marketplacesummit.hu\/en\/nyeremenyjatek-szabalyzat\/","og_site_name":"Marketplace &amp; Cross- Border Summit Budapest","article_modified_time":"2025-12-15T09:57:57+00:00","twitter_card":"summary_large_image","twitter_misc":{"Estimated reading time":"2 minutes"},"schema":{"@context":"https:\/\/schema.org","@graph":[{"@type":"WebPage","@id":"https:\/\/marketplacesummit.hu\/nyeremenyjatek-szabalyzat\/","url":"https:\/\/marketplacesummit.hu\/nyeremenyjatek-szabalyzat\/","name":"Nyerem\u00e9nyj\u00e1t\u00e9k szab\u00e1lyzat - Marketplace &amp; Cross- Border Summit Budapest","isPartOf":{"@id":"https:\/\/marketplacesummit.hu\/#website"},"datePublished":"2025-12-13T16:52:09+00:00","dateModified":"2025-12-15T09:57:57+00:00","breadcrumb":{"@id":"https:\/\/marketplacesummit.hu\/nyeremenyjatek-szabalyzat\/#breadcrumb"},"inLanguage":"en-GB","potentialAction":[{"@type":"ReadAction","target":["https:\/\/marketplacesummit.hu\/nyeremenyjatek-szabalyzat\/"]}]},{"@type":"BreadcrumbList","@id":"https:\/\/marketplacesummit.hu\/nyeremenyjatek-szabalyzat\/#breadcrumb","itemListElement":[{"@type":"ListItem","position":1,"name":"Kezd\u0151lap","item":"https:\/\/marketplacesummit.hu\/"},{"@type":"ListItem","position":2,"name":"Nyerem\u00e9nyj\u00e1t\u00e9k szab\u00e1lyzat"}]},{"@type":"WebSite","@id":"https:\/\/marketplacesummit.hu\/#website","url":"https:\/\/marketplacesummit.hu\/","name":"Marketplace &amp; Cross- Border Summit Budapest","description":"Magyarorsz\u00e1g legels\u0151 marketplace f\u00f3kusz\u00fa konferenci\u00e1ja","potentialAction":[{"@type":"SearchAction","target":{"@type":"EntryPoint","urlTemplate":"https:\/\/marketplacesummit.hu\/?s={search_term_string}"},"query-input":{"@type":"PropertyValueSpecification","valueRequired":true,"valueName":"search_term_string"}}],"inLanguage":"en-GB"}]}},"_links":{"self":[{"href":"https:\/\/marketplacesummit.hu\/en\/wp-json\/wp\/v2\/pages\/9280","targetHints":{"allow":["GET"]}}],"collection":[{"href":"https:\/\/marketplacesummit.hu\/en\/wp-json\/wp\/v2\/pages"}],"about":[{"href":"https:\/\/marketplacesummit.hu\/en\/wp-json\/wp\/v2\/types\/page"}],"author":[{"embeddable":true,"href":"https:\/\/marketplacesummit.hu\/en\/wp-json\/wp\/v2\/users\/3"}],"replies":[{"embeddable":true,"href":"https:\/\/marketplacesummit.hu\/en\/wp-json\/wp\/v2\/comments?post=9280"}],"version-history":[{"count":7,"href":"https:\/\/marketplacesummit.hu\/en\/wp-json\/wp\/v2\/pages\/9280\/revisions"}],"predecessor-version":[{"id":9295,"href":"https:\/\/marketplacesummit.hu\/en\/wp-json\/wp\/v2\/pages\/9280\/revisions\/9295"}],"wp:attachment":[{"href":"https:\/\/marketplacesummit.hu\/en\/wp-json\/wp\/v2\/media?parent=9280"}],"curies":[{"name":"wp","href":"https:\/\/api.w.org\/{rel}","templated":true}]}}